{"id":111,"date":"2023-04-03T18:23:20","date_gmt":"2023-04-03T16:23:20","guid":{"rendered":"https:\/\/consfiume.esteri.it\/chi-siamo\/"},"modified":"2023-09-08T10:59:13","modified_gmt":"2023-09-08T08:59:13","slug":"chi-siamo","status":"publish","type":"page","link":"https:\/\/consfiume.esteri.it\/hr\/chi-siamo\/","title":{"rendered":"Tko smo mi"},"content":{"rendered":"<h1 class=\"entry-title h3\">O nama<\/h1>\n<div>\n<p>Telefon: 00385 51\/355-200; 00385 51\/355-230; 00385 51\/355-240<br \/>\nFax: 00385 51\/355-225<\/p>\n<p>Telefonski brojevi za hitne slu\u010dajeve: 00385 98\/414-602 i 00385 98\/414-048<\/p>\n<p>E-mail: cons.fiume@esteri.it<br \/>\nPEC (certificirana elektronska po\u0161ta): con.fiume@cert.esteri.it<\/p>\n<p><strong><br \/>\nRadno vrijeme sa strankama<\/strong><\/p>\n<p>U nastojanju pobolj\u0161anja efikasnosti i kvalitete usluga koje pru\u017ea Generalni konzulat stranke se primaju po narud\u017ebi, od ponedjeljka do \u010detvrtka od 09,00 do 12,00 sati a utorkom i poslije podne od 13,45 do 15,45 sati. Narud\u017ebe se primaju telefonom od ponedjelka do petka od 10,00 do 13,00 sati na broj telefona 00385051\/355-200 ili mailom na adresu elektronske po\u0161te: cons.fiume@esteri.it<\/p>\n<p><strong>Informacije<\/strong><\/p>\n<p>Za informacije o pitanjima koja nisu obra\u0111ena na ovim stranicama molimo da nam se obratite od ponedjeljka do petka od 10,00 do 13,00 sati na broj telefona 00385 51\/355-200<\/p>\n<p><strong>Ulazak u Republiku Hrvatsku<\/strong><\/p>\n<p>Obavje\u0161tava se da je za ulazak i boravak u Republici Hrvatskoj potrebno posjedovati valjanu putnu ispravu. Isto vrijedi i za maloljetnike koji putuju u pratnji odraslih.<\/p>\n<\/div>\n","protected":false},"excerpt":{"rendered":"O nama Telefon: 00385 51\/355-200; 00385 51\/355-230; 00385 51\/355-240 Fax: 00385 51\/355-225 Telefonski brojevi za hitne slu\u010dajeve: 00385 98\/414-602 i 00385 98\/414-048 E-mail: cons.fiume@esteri.it PEC (certificirana elektronska po\u0161ta): con.fiume@cert.esteri.it Radno vrijeme sa strankama U nastojanju pobolj\u0161anja efikasnosti i kvalitete usluga koje pru\u017ea Generalni konzulat stranke se primaju po narud\u017ebi, od ponedjeljka do \u010detvrtka od 09,00 [&hellip;]","protected":false},"author":1,"featured_media":0,"parent":0,"menu_order":2,"comment_status":"closed","ping_status":"closed","template":"","meta":{"footnotes":""},"class_list":["post-111","page","type-page","status-publish","hentry"],"_links":{"self":[{"href":"https:\/\/consfiume.esteri.it\/hr\/wp-json\/wp\/v2\/pages\/111","targetHints":{"allow":["GET"]}}],"collection":[{"href":"https:\/\/consfiume.esteri.it\/hr\/wp-json\/wp\/v2\/pages"}],"about":[{"href":"https:\/\/consfiume.esteri.it\/hr\/wp-json\/wp\/v2\/types\/page"}],"author":[{"embeddable":true,"href":"https:\/\/consfiume.esteri.it\/hr\/wp-json\/wp\/v2\/users\/1"}],"replies":[{"embeddable":true,"href":"https:\/\/consfiume.esteri.it\/hr\/wp-json\/wp\/v2\/comments?post=111"}],"version-history":[{"count":5,"href":"https:\/\/consfiume.esteri.it\/hr\/wp-json\/wp\/v2\/pages\/111\/revisions"}],"predecessor-version":[{"id":535,"href":"https:\/\/consfiume.esteri.it\/hr\/wp-json\/wp\/v2\/pages\/111\/revisions\/535"}],"wp:attachment":[{"href":"https:\/\/consfiume.esteri.it\/hr\/wp-json\/wp\/v2\/media?parent=111"}],"curies":[{"name":"wp","href":"https:\/\/api.w.org\/{rel}","templated":true}]}}