{"id":112,"date":"2023-04-03T19:15:16","date_gmt":"2023-04-03T17:15:16","guid":{"rendered":"https:\/\/consfiume.esteri.it\/chi-siamo\/il-console-generale\/"},"modified":"2025-07-08T15:34:29","modified_gmt":"2025-07-08T13:34:29","slug":"il-console-generale","status":"publish","type":"page","link":"https:\/\/consfiume.esteri.it\/hr\/chi-siamo\/il-console-generale\/","title":{"rendered":"Generalni konzul"},"content":{"rendered":"<div><\/div>\n<p><a href=\"https:\/\/consfiume.esteri.it\/wp-content\/uploads\/2024\/11\/Foto-sito.jpeg\"><img loading=\"lazy\" decoding=\"async\" class=\"alignnone size-medium wp-image-1718 img-fluid\" src=\"https:\/\/consfiume.esteri.it\/wp-content\/uploads\/2024\/11\/Foto-sito-295x300.jpeg\" alt=\"\" width=\"295\" height=\"300\" srcset=\"https:\/\/consfiume.esteri.it\/wp-content\/uploads\/2024\/11\/Foto-sito-295x300.jpeg 295w, https:\/\/consfiume.esteri.it\/wp-content\/uploads\/2024\/11\/Foto-sito.jpeg 376w\" sizes=\"auto, (max-width: 295px) 100vw, 295px\" \/><\/a><\/p>\n<p>GENERALNA KONZULICA<\/p>\n<p>IVA PALMIERI<\/p>\n<p>&nbsp;<\/p>\n<p style=\"text-align: justify;\">Dragi sunarodnjaci i prijatelji Italije,<\/p>\n<p style=\"text-align: justify;\">\u010cast mi je i privilegija slu\u017eiti svojoj izvanrednoj zemlji u tako osebujnoj regiji svijeta, iznimno bogatoj s povijesnog, dru\u0161tvenog, kulturnog i gospodarskog gledi\u0161ta.<\/p>\n<p style=\"text-align: justify;\">Moja je \u017eelja da Generalni konzulat Italije u Rijeci, sve vi\u0161e i vi\u0161e, postane \u201emost\u201c: most preko Jadrana, most izme\u0111u na\u0161ih zemalja i most koji nas sve lak\u0161e dovodi na teritorij zajedni\u010dkog europskog doma, \u010dije vrijednosti i pripadnosti dijelimo.<\/p>\n<p style=\"text-align: justify;\">Most povijesti, kulture, tradicije, ali i usluga, prijateljstva i razmjene.<\/p>\n<p style=\"text-align: justify;\">Sretno surfanje svima!<\/p>\n<div id=\"simple-translate\" class=\"simple-translate-light-theme\">\n<div>\n<div class=\"simple-translate-button isShow\" style=\"background-image: url('moz-extension:\/\/e54a3a89-1ac9-4b70-a878-1cde700e3334\/icons\/512.png'); height: 22px; width: 22px; top: 57px; left: 319px;\"><\/div>\n<div class=\"simple-translate-panel \" style=\"width: 300px; height: 200px; top: 0px; left: 0px; font-size: 13px;\">\n<div class=\"simple-translate-result-wrapper\" style=\"overflow: hidden;\">\n<div class=\"simple-translate-move\" draggable=\"true\"><\/div>\n<div class=\"simple-translate-result-contents\">\n<p class=\"simple-translate-candidate\" dir=\"auto\">\n<\/div>\n<\/div>\n<\/div>\n<\/div>\n<\/div>\n","protected":false},"excerpt":{"rendered":"GENERALNA KONZULICA IVA PALMIERI &nbsp; Dragi sunarodnjaci i prijatelji Italije, \u010cast mi je i privilegija slu\u017eiti svojoj izvanrednoj zemlji u tako osebujnoj regiji svijeta, iznimno bogatoj s povijesnog, dru\u0161tvenog, kulturnog i gospodarskog gledi\u0161ta. Moja je \u017eelja da Generalni konzulat Italije u Rijeci, sve vi\u0161e i vi\u0161e, postane \u201emost\u201c: most preko Jadrana, most izme\u0111u na\u0161ih zemalja [&hellip;]","protected":false},"author":1,"featured_media":0,"parent":111,"menu_order":0,"comment_status":"closed","ping_status":"closed","template":"","meta":{"footnotes":""},"class_list":["post-112","page","type-page","status-publish","hentry"],"_links":{"self":[{"href":"https:\/\/consfiume.esteri.it\/hr\/wp-json\/wp\/v2\/pages\/112","targetHints":{"allow":["GET"]}}],"collection":[{"href":"https:\/\/consfiume.esteri.it\/hr\/wp-json\/wp\/v2\/pages"}],"about":[{"href":"https:\/\/consfiume.esteri.it\/hr\/wp-json\/wp\/v2\/types\/page"}],"author":[{"embeddable":true,"href":"https:\/\/consfiume.esteri.it\/hr\/wp-json\/wp\/v2\/users\/1"}],"replies":[{"embeddable":true,"href":"https:\/\/consfiume.esteri.it\/hr\/wp-json\/wp\/v2\/comments?post=112"}],"version-history":[{"count":6,"href":"https:\/\/consfiume.esteri.it\/hr\/wp-json\/wp\/v2\/pages\/112\/revisions"}],"predecessor-version":[{"id":2526,"href":"https:\/\/consfiume.esteri.it\/hr\/wp-json\/wp\/v2\/pages\/112\/revisions\/2526"}],"up":[{"embeddable":true,"href":"https:\/\/consfiume.esteri.it\/hr\/wp-json\/wp\/v2\/pages\/111"}],"wp:attachment":[{"href":"https:\/\/consfiume.esteri.it\/hr\/wp-json\/wp\/v2\/media?parent=112"}],"curies":[{"name":"wp","href":"https:\/\/api.w.org\/{rel}","templated":true}]}}