{"id":114,"date":"2023-04-03T19:15:47","date_gmt":"2023-04-03T17:15:47","guid":{"rendered":"https:\/\/consfiume.esteri.it\/chi-siamo\/gli-uffici\/"},"modified":"2023-09-08T11:12:01","modified_gmt":"2023-09-08T09:12:01","slug":"gli-uffici","status":"publish","type":"page","link":"https:\/\/consfiume.esteri.it\/hr\/chi-siamo\/gli-uffici\/","title":{"rendered":"Uredi"},"content":{"rendered":"<p><strong>Generalni konzulat Italije Rijeka<\/strong><\/p>\n<p>Riva 16 &#8211; 51000 Rijeka<\/p>\n<p>Tel: +385 (0)51\/355-201; +385 (0)51\/355-204<\/p>\n<p>Fax: +385 (0)51\/355-225<\/p>\n<p>e-mail: <a href=\"mailto:cons.fiume@esteri.it\">cons.fiume@esteri.it<\/a><\/p>\n<p>PEC: <a href=\"mailto:con.fiume@cert.esteri.it\">con.fiume@cert.esteri.it<\/a><\/p>\n<p>&nbsp;<\/p>\n<p>UREDI GENERALNOG KONZULATA<\/p>\n<p>Navode se nastavno uredi, njihov djelokrug\/nadle\u017enost te adresa elektronske po\u0161te:<\/p>\n<p>URED\/NADLE\u017dNOST E-MAIL ADRESA<\/p>\n<p>MATI\u010cNA EVIDENCIJA<br \/>\nUpis\/promjena adrese cons.fiume@esteri.it<\/p>\n<p>OSOBNE ISKAZNICE<br \/>\nIzdavanje\/produljenje ci_confium@esteri.it<\/p>\n<p>DR\u017dAVLJANSTVO<br \/>\nStjecanje\/priznanje\/otpust cittadinanza.fiume@esteri.it<\/p>\n<p>POREZNI BROJ<br \/>\nDodjela talijanskog poreznog broja cons.fiume@esteri.it<\/p>\n<p>JAVNO BILJE\u017dNI\u0160TVO<br \/>\nPunomo\u0107i\/javnob.izjave\/ovjere prijevoda\/prihva\u0107anje<br \/>\nili odricanje od nasljedstva\/priznavanje vanbra\u010dne<br \/>\ndjece\/ovjere fotografija\/ oporuke\/usvojenja\/<br \/>\npomorstvo itd. cons.fiume@esteri.it<\/p>\n<p>PUTOVNICE<br \/>\nIzdavanje putovnica passaporti.fiume@esteri.it<\/p>\n<p>\u0160KOLSTVO<br \/>\nInformacije o upisu u \u0161kole i na fakultete<br \/>\nu Italiji\/Izjave o valjanosti lokalnih svjedod\u017ebi<br \/>\ni diploma culturale.fiume@esteri.it<\/p>\n<p>OSOBNA STANJA<br \/>\nUpis ro\u0111enja\/vjen\u010danja\/razvod statocivile.fiume@esteri.it<\/p>\n<p>SOC. SKRB<br \/>\nSkrb i pomo\u0107 sunarodnjacima lo\u0161eg i<br \/>\nmovnog stanja\/mirovine i posao\/<br \/>\nrepatrijacija\/upis smrti consolare.fiume@esteri.it<\/p>\n<p>GOSPODARSTVO<br \/>\nInformacije i savjetovanje o gospodarskoj<br \/>\nsituaciji i mogu\u0107nostima gospodarske suradnje<br \/>\nizme\u0111u Italije i Hrvatske commerciale.fiume@esteri.it<\/p>\n<p>TAJNI\u0160TVO<br \/>\nOp\u0107e informacije ili primjedbe na usluge<br \/>\nkoje pru\u017ea Generalni konzulat segreteria.fiume@esteri.it<\/p>\n<p>Informacije<\/p>\n<p>Za informacije o pitanjima koja nisu obra\u0111ena na ovim stranicama molimo da nam se obratite od ponedjeljka do petka od 10,00 do 13,00 sati na broj telefona 00385 51\/355-200<\/p>\n<p>Ulazak u Republiku Hrvatsku<\/p>\n<p>Obavje\u0161tava se da je za ulazak i boravak u Republici Hrvatskoj potrebno posjedovati valjanu putnu ispravu. Isto vrijedi i za maloljetnike koji putuju u pratnji odraslih.<\/p>\n<p>Osobe mla\u0111e od 14 godina koje putuju bez barem jednog roditelja i\/ili staratelja \u010dija su imena navedena na osobnoj ispravi, moraju osim putne isprave imati i izjavu o pratnji &#8211; koja vrijedi 6 mjeseci za jedno putovanje \u2013 koju su roditelji i\/ili stratelji dali pred nadle\u017enim policijskim tijelima u mjestu prebivali\u0161ta.<\/p>\n<p>TERITORIJALNA NADLE\u017dNOST:<\/p>\n<p>Istarska \u017eupanija (sjedi\u0161te Pazin)Primorsko-goranska \u017eupanija (sjedi\u0161te Rijeka)Li\u010dko-senjska \u017eupanija (sjedi\u0161te Rijeka)Zadarska \u017eupanija (sjedi\u0161te Zadar)\u0160ibensko-kninska \u017eupanija (sjedi\u0161te \u0160ibenik)Splitsko-dalmatinska \u017eupanija (sjedi\u0161te Split)Dubrova\u010dko-neretvanska \u017eupanija (sjedi\u0161te Dubrovnik)<\/p>\n<p>Mole se po\u0161tovani korisnici da prije slanja upita elektronskom po\u0161tom pozorno pro\u010ditaju raspolo\u017eive informacije jer ne\u0107emo odgovarati na zahtjeve \u010diji se odgovori mogu prona\u0107i na na\u0161im mre\u017enim stranicama.<\/p>\n<p>&nbsp;<\/p>\n","protected":false},"excerpt":{"rendered":"Generalni konzulat Italije Rijeka Riva 16 &#8211; 51000 Rijeka Tel: +385 (0)51\/355-201; +385 (0)51\/355-204 Fax: +385 (0)51\/355-225 e-mail: cons.fiume@esteri.it PEC: con.fiume@cert.esteri.it &nbsp; UREDI GENERALNOG KONZULATA Navode se nastavno uredi, njihov djelokrug\/nadle\u017enost te adresa elektronske po\u0161te: URED\/NADLE\u017dNOST E-MAIL ADRESA MATI\u010cNA EVIDENCIJA Upis\/promjena adrese cons.fiume@esteri.it OSOBNE ISKAZNICE Izdavanje\/produljenje ci_confium@esteri.it DR\u017dAVLJANSTVO Stjecanje\/priznanje\/otpust cittadinanza.fiume@esteri.it POREZNI BROJ Dodjela talijanskog poreznog [&hellip;]","protected":false},"author":1,"featured_media":0,"parent":111,"menu_order":6,"comment_status":"closed","ping_status":"closed","template":"","meta":{"footnotes":""},"class_list":["post-114","page","type-page","status-publish","hentry"],"_links":{"self":[{"href":"https:\/\/consfiume.esteri.it\/hr\/wp-json\/wp\/v2\/pages\/114","targetHints":{"allow":["GET"]}}],"collection":[{"href":"https:\/\/consfiume.esteri.it\/hr\/wp-json\/wp\/v2\/pages"}],"about":[{"href":"https:\/\/consfiume.esteri.it\/hr\/wp-json\/wp\/v2\/types\/page"}],"author":[{"embeddable":true,"href":"https:\/\/consfiume.esteri.it\/hr\/wp-json\/wp\/v2\/users\/1"}],"replies":[{"embeddable":true,"href":"https:\/\/consfiume.esteri.it\/hr\/wp-json\/wp\/v2\/comments?post=114"}],"version-history":[{"count":5,"href":"https:\/\/consfiume.esteri.it\/hr\/wp-json\/wp\/v2\/pages\/114\/revisions"}],"predecessor-version":[{"id":541,"href":"https:\/\/consfiume.esteri.it\/hr\/wp-json\/wp\/v2\/pages\/114\/revisions\/541"}],"up":[{"embeddable":true,"href":"https:\/\/consfiume.esteri.it\/hr\/wp-json\/wp\/v2\/pages\/111"}],"wp:attachment":[{"href":"https:\/\/consfiume.esteri.it\/hr\/wp-json\/wp\/v2\/media?parent=114"}],"curies":[{"name":"wp","href":"https:\/\/api.w.org\/{rel}","templated":true}]}}