{"id":124,"date":"2023-04-03T18:23:50","date_gmt":"2023-04-03T16:23:50","guid":{"rendered":"https:\/\/consfiume.esteri.it\/italia-e-croazia\/"},"modified":"2023-09-08T11:00:48","modified_gmt":"2023-09-08T09:00:48","slug":"italia-e-croazia","status":"publish","type":"page","link":"https:\/\/consfiume.esteri.it\/hr\/italia-e-croazia\/","title":{"rendered":"Italiji i Hrvatskoj"},"content":{"rendered":"<div>\n<p>Bilateralni odnosi Italije i Hrvatske imaju duboko povijesno korijenje<\/p>\n<p>Bilateralni odnosi Italije i Hrvatske imaju duboke povijesne korijene i temelje se na \u0161irokoj i razgranatoj mre\u017ei koja uklju\u010duje ne samo institucije ve\u0107 i lokalne uprave, \u010dlanove civilnog dru\u0161tva, proizvodne sustave, kulturne, akademske i znanstvene organizacije, kao i gra\u0111ane dviju zemalja.<\/p>\n<p>To se stanje odr\u017eava zahvaljuju\u0107i kontinuiranoj predanosti korisnika i aktivnoj ulozi Generalnog konzulata Italije u Rijeci, konzularne mre\u017ee i Veleposlanstva te se neprestano razvija s ciljem da se jo\u0161 vi\u0161e u\u010dvrsti prijateljstvo izme\u0111u Italije i Hrvatske.<\/p>\n<\/div>\n<p>&nbsp;<\/p>\n","protected":false},"excerpt":{"rendered":"Bilateralni odnosi Italije i Hrvatske imaju duboko povijesno korijenje Bilateralni odnosi Italije i Hrvatske imaju duboke povijesne korijene i temelje se na \u0161irokoj i razgranatoj mre\u017ei koja uklju\u010duje ne samo institucije ve\u0107 i lokalne uprave, \u010dlanove civilnog dru\u0161tva, proizvodne sustave, kulturne, akademske i znanstvene organizacije, kao i gra\u0111ane dviju zemalja. To se stanje odr\u017eava zahvaljuju\u0107i [&hellip;]","protected":false},"author":1,"featured_media":0,"parent":0,"menu_order":4,"comment_status":"closed","ping_status":"closed","template":"","meta":{"footnotes":""},"class_list":["post-124","page","type-page","status-publish","hentry"],"_links":{"self":[{"href":"https:\/\/consfiume.esteri.it\/hr\/wp-json\/wp\/v2\/pages\/124","targetHints":{"allow":["GET"]}}],"collection":[{"href":"https:\/\/consfiume.esteri.it\/hr\/wp-json\/wp\/v2\/pages"}],"about":[{"href":"https:\/\/consfiume.esteri.it\/hr\/wp-json\/wp\/v2\/types\/page"}],"author":[{"embeddable":true,"href":"https:\/\/consfiume.esteri.it\/hr\/wp-json\/wp\/v2\/users\/1"}],"replies":[{"embeddable":true,"href":"https:\/\/consfiume.esteri.it\/hr\/wp-json\/wp\/v2\/comments?post=124"}],"version-history":[{"count":3,"href":"https:\/\/consfiume.esteri.it\/hr\/wp-json\/wp\/v2\/pages\/124\/revisions"}],"predecessor-version":[{"id":536,"href":"https:\/\/consfiume.esteri.it\/hr\/wp-json\/wp\/v2\/pages\/124\/revisions\/536"}],"wp:attachment":[{"href":"https:\/\/consfiume.esteri.it\/hr\/wp-json\/wp\/v2\/media?parent=124"}],"curies":[{"name":"wp","href":"https:\/\/api.w.org\/{rel}","templated":true}]}}