{"id":132,"date":"2023-04-03T18:24:11","date_gmt":"2023-04-03T16:24:11","guid":{"rendered":"https:\/\/consfiume.esteri.it\/servizi-consolari-e-visti\/"},"modified":"2023-07-17T15:27:14","modified_gmt":"2023-07-17T13:27:14","slug":"servizi-consolari-e-visti","status":"publish","type":"page","link":"https:\/\/consfiume.esteri.it\/hr\/servizi-consolari-e-visti\/","title":{"rendered":"Konzularne usluge i vize"},"content":{"rendered":"<p>I servizi consolari sono erogati secondo principi di eguaglianza, imparzialit\u00e0, efficienza e trasparenza.<\/p>\n<p>L&#8217;insieme di servizi erogati e la normativa vigente sono descritti dal Ministero degli Affari Esteri italiano al seguente link:\u00a0<a href=\"http:\/\/www.esteri.it\/mae\/it\/italiani_nel_mondo\/serviziconsolari\">MINISTERO DEGLI AFFARI ESTERI E DELLA COOPERAZIONE INTERNAZIONALE\u00a0&#8211;\u00a0SERVIZI CONSOLARI<\/a><\/p>\n<p>I Consolati assicurano a tutti i connazionali tutela in caso di violazione dei loro diritti fondamentali e di limitazione o privazione della loro libert\u00e0 personale. Inoltre assicurano assistenza per i casi di emergenza, per la ricerca di familiari, per le pratiche di successione aperte all&#8217;estero e per il rimpatrio delle salme.<\/p>\n<p>&nbsp;<\/p>\n<p><strong>ATTENZIONE<\/strong><\/p>\n<p>Se avete cambiato indirizzo, o vi siete trasferiti in Croazia in questa Circoscrizione Consolare, siete pregati di contattare questo Consolato Generale al n. 00385 51 355200 \/ 00385 51 355 201 o inviare una email a: cons.fiume@esteri.it oppure visitare il sito:<\/p>\n<p><a href=\"https:\/\/consfiume.esteri.it\/consolato_fiume\/it\/i_servizi\/per-i-cittadini\/anagrafe\">https:\/\/consfiume.esteri.it\/consolato_fiume\/it\/i_servizi\/per-i-cittadini\/anagrafe<\/a><\/p>\n<p>Ugualmente, se sono intervenuti cambiamenti nello stato civile (nascite figli, matrimonio, divorzio, ecc. siete pregati di contattare al pi\u00f9 presto questo Consolato Generale.<\/p>\n<p>Se il vostro dossier non \u00e8 aggiornato non \u00e8 possibile richiedere il rilascio di documenti (passaporto o carta di identit\u00e0).<\/p>\n<p><strong>SI RICORDA CHE<\/strong>:<\/p>\n<p>il\u00a0<strong>cittadino italiano<\/strong>\u00a0che richiede il passaporto o la carta d&#8217;identit\u00e0\u00a0<strong>e che ha figli minori di 18 anni<\/strong>, al momento della richiesta deve presentare un\u00a0<strong>ATTO DI ASSENSO<\/strong>\u00a0(art. 3 legge n.1185 del 21.11.1967)\u00a0<strong>firmato dall&#8217;altro genitore<\/strong>\u00a0e una fotocopia di un documento firmato di quest\u2019ultimo (dell\u2019altro genitore).<br \/>\nIn pratica l\u2019altro genitore deve dare la propria autorizzazione al rilascio del passaporto\/carta di identit\u00e0 in favore del richiedente genitore italiano. Non ha importanza se i genitori sono coniugati, separati o divorziati (il formulario per la concessione dell\u2019atto di assenso \u00e8 disponibile al punto 8 del seguente link di questo Consolato:\u00a0<a href=\"https:\/\/consfiume.esteri.it\/consolato_fiume\/it\/in-linea-con-utente\/modulistica\/modulistica.html\">https:\/\/consfiume.esteri.it\/consolato_fiume\/it\/in-linea-con-utente\/modulistica\/modulistica.html<\/a><\/p>\n<p><strong>Se il genitore che deve dare l\u2019assenso non \u00e8 cittadino dell\u2019Unione Europea \u00e8 necessario che si presenti personalmente in Consolato con un documento.<\/strong><br \/>\n<strong>Oppure, con dichiarazione (tradotta e apostillata) davanti ad un notaio, ufficio di polizia, funzionario comunale<\/strong><\/p>\n<p>Per il rilascio del passaporto o carta di identit\u00e0 al cittadino italiano minorenne \u00e8 obbligatorio l\u2019assenso di entrambi i genitori.<\/p>\n<p>Si ricorda che il pagamento per un nuovo passaporto o carta d&#8217;identit\u00e0 deve avvenire in contanti (<strong>877<\/strong>\u00a0Kune per il passaporto;\u00a0<strong>43<\/strong>\u00a0Kune per la carta di\u00a0<a href=\"https:\/\/consfiume.esteri.it\/consolato_fiume\/it\/la_comunicazione\/dal_consolato\/2020\/12\/rilascio-carte-identita-precisazioni.html\">identit\u00e0 cartacea<\/a>).<\/p>\n","protected":false},"excerpt":{"rendered":"I servizi consolari sono erogati secondo principi di eguaglianza, imparzialit\u00e0, efficienza e trasparenza. L&#8217;insieme di servizi erogati e la normativa vigente sono descritti dal Ministero degli Affari Esteri italiano al seguente link:\u00a0MINISTERO DEGLI AFFARI ESTERI E DELLA COOPERAZIONE INTERNAZIONALE\u00a0&#8211;\u00a0SERVIZI CONSOLARI I Consolati assicurano a tutti i connazionali tutela in caso di violazione dei loro diritti [&hellip;]","protected":false},"author":1,"featured_media":0,"parent":0,"menu_order":6,"comment_status":"closed","ping_status":"closed","template":"","meta":{"footnotes":""},"class_list":["post-132","page","type-page","status-publish","hentry"],"_links":{"self":[{"href":"https:\/\/consfiume.esteri.it\/hr\/wp-json\/wp\/v2\/pages\/132","targetHints":{"allow":["GET"]}}],"collection":[{"href":"https:\/\/consfiume.esteri.it\/hr\/wp-json\/wp\/v2\/pages"}],"about":[{"href":"https:\/\/consfiume.esteri.it\/hr\/wp-json\/wp\/v2\/types\/page"}],"author":[{"embeddable":true,"href":"https:\/\/consfiume.esteri.it\/hr\/wp-json\/wp\/v2\/users\/1"}],"replies":[{"embeddable":true,"href":"https:\/\/consfiume.esteri.it\/hr\/wp-json\/wp\/v2\/comments?post=132"}],"version-history":[{"count":2,"href":"https:\/\/consfiume.esteri.it\/hr\/wp-json\/wp\/v2\/pages\/132\/revisions"}],"predecessor-version":[{"id":214,"href":"https:\/\/consfiume.esteri.it\/hr\/wp-json\/wp\/v2\/pages\/132\/revisions\/214"}],"wp:attachment":[{"href":"https:\/\/consfiume.esteri.it\/hr\/wp-json\/wp\/v2\/media?parent=132"}],"curies":[{"name":"wp","href":"https:\/\/api.w.org\/{rel}","templated":true}]}}