{"id":168,"date":"2023-04-03T19:19:57","date_gmt":"2023-04-03T17:19:57","guid":{"rendered":"https:\/\/consfiume.esteri.it\/news\/dal_consolato\/"},"modified":"2023-07-17T15:37:46","modified_gmt":"2023-07-17T13:37:46","slug":"dal_consolato","status":"publish","type":"page","link":"https:\/\/consfiume.esteri.it\/hr\/news\/dal_consolato\/","title":{"rendered":"Iz Konzulata"},"content":{"rendered":"        <div class=\"row\">\n\t\t\t<!-- Ricerca sedi post -->\n\t\t\t<div class=\"col-12 mt-4\">\n\t\t\t  <div class=\"callout callout-highlight note ricerca-esteri p-4\">\n                    <div class=\"callout-title\">\n                        <svg class=\"icon\">\n                            <use xlink:href=\"https:\/\/consfiume.esteri.it\/wp-content\/themes\/sedi-tema\/assets\/svg\/sprites.svg#it-search\"><\/use>\n                        <\/svg>Unesi parametre pretra\u017eivanja                    <\/div>\n                    <form id=\"searchFormPost\" name=\"form-search-post\" class=\"form-row align-items-center\" action=\"https:\/\/consfiume.esteri.it\/hr\/wp-json\/wp\/v2\/pages\/168\/\" method=\"GET\"> \n                        <!-- <div class=\"form-group pt-5\"> -->\n                            <!-- <input type=\"hidden\" id=\"lang\" name=\"lang\" value=\"\"> --> <!-- <\/div> -->\n\n                        <div class=\"it-datepicker-wrapper\">\n                            <div class=\"row\">\n                                <div class=\"form-group col-md-6\">\n                                    <label class=\"active\" for=\"date-init\">Od<\/label>\n                                    <input class=\"form-control\" name=\"date-init\" id=\"date-init\" type=\"date\" placeholder=\"gg\/mm\/aaaa\" value=\"\"lang=\"en-EN\">  \n                                <\/div>\n                                <div class=\"form-group col-md-6\">\n                                    <label class=\"active\" for=\"date-end\">Do<\/label>\n                                    <input class=\"form-control\" name=\"date-end\" id=\"date-end\" type=\"date\" placeholder=\"gg\/mm\/aaaa\" value=\"\">\n                                <\/div>\n                            <\/div>\n                        <\/div>\n                        <div class=\"form-group col-md-12 mt-3\">\n                            <label for=\"searchText\">Polje za slobodnu pretragu<\/label>\n                            <input type=\"text\" name=\"searchText\" class=\"form-control\" id=\"searchText\" value=\"\">\n                        <\/div>\n                        <div class=\"form-group col-md-4 offset-md-8 text-end\">\n                            <a href=\"https:\/\/consfiume.esteri.it\/hr\/news\/dal_consolato\/\" title=\"Form reset\" id=\"resetImput\" class=\"btn btn-outline-primary btn-xs\">Reset<\/a>\n                            <button type=\"submit\" class=\"btn btn-primary btn-xs\">Prika\u017ei rezultate<\/button>\n                        <\/div>\n                    <\/form>\n\t\t\t\t<\/div>\n\t\t\t<\/div>\n\t\t<\/div>\n                    \n            <div class=\"row\">\n                            <div class=\"col-12 mt-3\">\n                <!--start card-->\n                <div class=\"card-wrapper card-space\">\n                    <div class=\"card card-bg card-big border-bottom-card\">\n                        <div class=\"card-body \">\n                                                        <div class=\"category-top\">\n                                                                                                            <span class=\"\">\n                                        <svg class=\"icon icon-secondary\">\n                                            <use xlink:href=\"https:\/\/consfiume.esteri.it\/wp-content\/themes\/sedi-tema\/assets\/svg\/sprites.svg#it-calendar\"><\/use>\n                                        <\/svg> 16 March 2020                                    <\/span>\n                                                                    <\/div>\n                            <h5 class=\"card-title big-heading text-uppercase\"><a class=\"text-body text-decoration-none\" href=\"https:\/\/consfiume.esteri.it\/hr\/news\/dal_consolato\/2020\/03\/coronavirus-modalita-operative-2\/\" title=\"Operativne mjere Generalnog konzulata Italije  i mjere koje je usvojila Republika Hrvatska te mjere za povratak talijanskih dr\u017eavljana u Italiju\">Operativne mjere Generalnog konzulata Italije  i mjere koje je usvojila Republika Hrvatska te mjere za povratak talijanskih dr\u017eavljana u Italiju<\/a><\/h5>\n                            <p class=\"card-text\">Covid \u2013 19: nove mjere hrvatske Vlade U sklopu popu\u0161tanja mjera za spre\u010davanje \u0161irenja zaraze koronavirusom COVID-19, obavje\u0161tava se da je od 11.05.2020. Hrvatska ukinula obvezu samoizolacije za osobe koje imaju pravo ulaska u RH. U ovu kategoiju spadaju, osim hrvatskih dr\u017eavljana i dr\u017eavljani \u010dlanica EU i to iz sljede\u0107ih razloga: &#8211; Poslovni ili gospodarski [&hellip;]<\/p>\n                                <a title=\"Operativne mjere Generalnog konzulata Italije  i mjere koje je usvojila Republika Hrvatska te mjere za povratak talijanskih dr\u017eavljana u Italiju\" class=\"read-more\" href=\"https:\/\/consfiume.esteri.it\/hr\/news\/dal_consolato\/2020\/03\/coronavirus-modalita-operative-2\/\">\n                                    <span class=\"text\">\u010citaj vi\u0161e<\/span>\n                                    <svg class=\"icon\">\n                                    <use xlink:href=\"https:\/\/consfiume.esteri.it\/wp-content\/themes\/sedi-tema\/assets\/svg\/sprites.svg#it-arrow-right\"><\/use>\n                                    <\/svg>\n                                <\/a>\n                                                    <\/div>\n                    <\/div>\n                <\/div>\n                <!--end card-->\n                <\/div><!-- col-12 .mt-3-->\n                            <div class=\"col-12 mt-3\">\n                <!--start card-->\n                <div class=\"card-wrapper card-space\">\n                    <div class=\"card card-bg card-big border-bottom-card\">\n                        <div class=\"card-body \">\n                                                        <div class=\"category-top\">\n                                                                                                            <span class=\"\">\n                                        <svg class=\"icon icon-secondary\">\n                                            <use xlink:href=\"https:\/\/consfiume.esteri.it\/wp-content\/themes\/sedi-tema\/assets\/svg\/sprites.svg#it-calendar\"><\/use>\n                                        <\/svg> 6 December 2019                                    <\/span>\n                                                                    <\/div>\n                            <h5 class=\"card-title big-heading text-uppercase\"><a class=\"text-body text-decoration-none\" href=\"https:\/\/consfiume.esteri.it\/hr\/news\/dal_consolato\/2019\/12\/il-violino-oltre-i-confini-stradivari-2\/\" title=\"Izlo\u017eba \u201eViolinom iznad granica \/ Stradivari u Rijeci \u2013 Kresnik i Cremona\u201c\">Izlo\u017eba \u201eViolinom iznad granica \/ Stradivari u Rijeci \u2013 Kresnik i Cremona\u201c<\/a><\/h5>\n                            <p class=\"card-text\">Generalni konzulat Italije u Rijeci \u017eelio je dati svoj posebni doprinos projektu Rijeka 2020 \u2013 Europska prijestolnica kulture postavljanjem izlo\u017ebe \u201eViolinom iznad granica \/ Stradivari u Rijeci \u2013 Kresnik i Cremona\u201c. U Pomorskom i i povijesnom muzeju Hrvatskog primorja biti \u0107e do o\u017eujka izlo\u017eene violine neprocjenjive vrijednosti Stradivarija i Guarnerija. Taj se projekt uklapa u [&hellip;]<\/p>\n                                <a title=\"Izlo\u017eba \u201eViolinom iznad granica \/ Stradivari u Rijeci \u2013 Kresnik i Cremona\u201c\" class=\"read-more\" href=\"https:\/\/consfiume.esteri.it\/hr\/news\/dal_consolato\/2019\/12\/il-violino-oltre-i-confini-stradivari-2\/\">\n                                    <span class=\"text\">\u010citaj vi\u0161e<\/span>\n                                    <svg class=\"icon\">\n                                    <use xlink:href=\"https:\/\/consfiume.esteri.it\/wp-content\/themes\/sedi-tema\/assets\/svg\/sprites.svg#it-arrow-right\"><\/use>\n                                    <\/svg>\n                                <\/a>\n                                                    <\/div>\n                    <\/div>\n                <\/div>\n                <!--end card-->\n                <\/div><!-- col-12 .mt-3-->\n                            <div class=\"col-12 mt-3\">\n                <!--start card-->\n                <div class=\"card-wrapper card-space\">\n                    <div class=\"card card-bg card-big border-bottom-card\">\n                        <div class=\"card-body \">\n                                                        <div class=\"category-top\">\n                                                                                                            <span class=\"\">\n                                        <svg class=\"icon icon-secondary\">\n                                            <use xlink:href=\"https:\/\/consfiume.esteri.it\/wp-content\/themes\/sedi-tema\/assets\/svg\/sprites.svg#it-calendar\"><\/use>\n                                        <\/svg> 26 September 2019                                    <\/span>\n                                                                    <\/div>\n                            <h5 class=\"card-title big-heading text-uppercase\"><a class=\"text-body text-decoration-none\" href=\"https:\/\/consfiume.esteri.it\/hr\/news\/dal_consolato\/2019\/09\/rijeka-2020-european-capital-of-2\/\" title=\"Rijeka: Europska prijestolnica kulture 2020. Inicijative, partneri, vizija\">Rijeka: Europska prijestolnica kulture 2020. Inicijative, partneri, vizija<\/a><\/h5>\n                            <p class=\"card-text\">Status Europske prijestolnice kulture povijesno se pokazao kao zajedni\u010dki okvir izvrsnosti zahvaljuju\u0107i kojem je mogu\u0107e predstaviti svim vrstama publike raznolike kulturne inicijative na najboljii mogu\u0107i na\u010din. Tako je rije\u010dka op\u0107a vizija projekta bliska toj nakani. Grad Rijeka i njeni partneri (\u017dupanija Primorsko-goranska i Vlada) imaju za cilj ne samo pro\u0161iriti kulturnu ponudu Grada nego i [&hellip;]<\/p>\n                                <a title=\"Rijeka: Europska prijestolnica kulture 2020. Inicijative, partneri, vizija\" class=\"read-more\" href=\"https:\/\/consfiume.esteri.it\/hr\/news\/dal_consolato\/2019\/09\/rijeka-2020-european-capital-of-2\/\">\n                                    <span class=\"text\">\u010citaj vi\u0161e<\/span>\n                                    <svg class=\"icon\">\n                                    <use xlink:href=\"https:\/\/consfiume.esteri.it\/wp-content\/themes\/sedi-tema\/assets\/svg\/sprites.svg#it-arrow-right\"><\/use>\n                                    <\/svg>\n                                <\/a>\n                                                    <\/div>\n                    <\/div>\n                <\/div>\n                <!--end card-->\n                <\/div><!-- col-12 .mt-3-->\n                            <div class=\"col-12 mt-3\">\n                <!--start card-->\n                <div class=\"card-wrapper card-space\">\n                    <div class=\"card card-bg card-big border-bottom-card\">\n                        <div class=\"card-body \">\n                                                        <div class=\"category-top\">\n                                                                                                            <span class=\"\">\n                                        <svg class=\"icon icon-secondary\">\n                                            <use xlink:href=\"https:\/\/consfiume.esteri.it\/wp-content\/themes\/sedi-tema\/assets\/svg\/sprites.svg#it-calendar\"><\/use>\n                                        <\/svg> 25 September 2019                                    <\/span>\n                                                                    <\/div>\n                            <h5 class=\"card-title big-heading text-uppercase\"><a class=\"text-body text-decoration-none\" href=\"https:\/\/consfiume.esteri.it\/hr\/news\/dal_consolato\/2019\/09\/il-consolato-generale-di-fiume-2\/\" title=\"Generalni konzulat Italije u Rijeci u\u010dinkovito pru\u017ea neophodne usluge: upis u Mati\u010dnu evidenciju (AIRE), podno\u0161enje zahtjeva za dr\u017eavljanstvo, izdavanje novih osobnih iskaznica i putovnica.\">Generalni konzulat Italije u Rijeci u\u010dinkovito pru\u017ea neophodne usluge: upis u Mati\u010dnu evidenciju (AIRE), podno\u0161enje zahtjeva za dr\u017eavljanstvo, izdavanje novih osobnih iskaznica i putovnica.<\/a><\/h5>\n                            <p class=\"card-text\">KONZULARNE USLUGE Kako biste dobili uvid u sve potrebne informacije na\u0161ih razli\u010ditih odjela kliknite na UFFICI (uredi) ili SERVIZI (usluge).Podsje\u0107amo da se u slu\u010daju bilo kakvih dodatnih pitanja ili informacija mo\u017ee konzultirati na\u0161 priru\u010dnik na: #SOS KONZULAT: IL VADEMECUM DEL CONSOLATO GENERALE D&#8217;ITALIA A FIUME OSNOVNE KONZULARNE USLUGE: MATI\u010cNA EVIDENCIJA \u2013 DR\u017dAVLJANSTVO \u2013 ISPRAVENOVOST: PRIRU\u010cNIK [&hellip;]<\/p>\n                                <a title=\"Generalni konzulat Italije u Rijeci u\u010dinkovito pru\u017ea neophodne usluge: upis u Mati\u010dnu evidenciju (AIRE), podno\u0161enje zahtjeva za dr\u017eavljanstvo, izdavanje novih osobnih iskaznica i putovnica.\" class=\"read-more\" href=\"https:\/\/consfiume.esteri.it\/hr\/news\/dal_consolato\/2019\/09\/il-consolato-generale-di-fiume-2\/\">\n                                    <span class=\"text\">\u010citaj vi\u0161e<\/span>\n                                    <svg class=\"icon\">\n                                    <use xlink:href=\"https:\/\/consfiume.esteri.it\/wp-content\/themes\/sedi-tema\/assets\/svg\/sprites.svg#it-arrow-right\"><\/use>\n                                    <\/svg>\n                                <\/a>\n                                                    <\/div>\n                    <\/div>\n                <\/div>\n                <!--end card-->\n                <\/div><!-- col-12 .mt-3-->\n                            <div class=\"col-12 mt-3\">\n                <!--start card-->\n                <div class=\"card-wrapper card-space\">\n                    <div class=\"card card-bg card-big border-bottom-card\">\n                        <div class=\"card-body \">\n                                                        <div class=\"category-top\">\n                                                                                                            <span class=\"\">\n                                        <svg class=\"icon icon-secondary\">\n                                            <use xlink:href=\"https:\/\/consfiume.esteri.it\/wp-content\/themes\/sedi-tema\/assets\/svg\/sprites.svg#it-calendar\"><\/use>\n                                        <\/svg> 8 June 2016                                    <\/span>\n                                                                    <\/div>\n                            <h5 class=\"card-title big-heading text-uppercase\"><a class=\"text-body text-decoration-none\" href=\"https:\/\/consfiume.esteri.it\/hr\/news\/dal_consolato\/2016\/06\/il-consolato_0-2\/\" title=\"GENERALNI KONZULAT\">GENERALNI KONZULAT<\/a><\/h5>\n                            <p class=\"card-text\">S<\/p>\n                                <a title=\"GENERALNI KONZULAT\" class=\"read-more\" href=\"https:\/\/consfiume.esteri.it\/hr\/news\/dal_consolato\/2016\/06\/il-consolato_0-2\/\">\n                                    <span class=\"text\">\u010citaj vi\u0161e<\/span>\n                                    <svg class=\"icon\">\n                                    <use xlink:href=\"https:\/\/consfiume.esteri.it\/wp-content\/themes\/sedi-tema\/assets\/svg\/sprites.svg#it-arrow-right\"><\/use>\n                                    <\/svg>\n                                <\/a>\n                                                    <\/div>\n                    <\/div>\n                <\/div>\n                <!--end card-->\n                <\/div><!-- col-12 .mt-3-->\n            \n            <div class=\"col-md-12 mt-4 pb-4\">\n                <nav class=\"navigation col-md-12\" aria-label=\"Navigation\">\n                    <h2 class=\"screen-reader-text visually-hidden\">Stranica br<\/h2>\n                    <div class=\"nav-links\">\n                                        <\/div>\n                <\/nav>\n            <\/div>   <!--.col-md-12 -->\n              <\/div><!--.row -->\n              \n","protected":false},"excerpt":{"rendered":"","protected":false},"author":1,"featured_media":0,"parent":166,"menu_order":0,"comment_status":"closed","ping_status":"closed","template":"","meta":{"footnotes":""},"class_list":["post-168","page","type-page","status-publish","hentry"],"_links":{"self":[{"href":"https:\/\/consfiume.esteri.it\/hr\/wp-json\/wp\/v2\/pages\/168","targetHints":{"allow":["GET"]}}],"collection":[{"href":"https:\/\/consfiume.esteri.it\/hr\/wp-json\/wp\/v2\/pages"}],"about":[{"href":"https:\/\/consfiume.esteri.it\/hr\/wp-json\/wp\/v2\/types\/page"}],"author":[{"embeddable":true,"href":"https:\/\/consfiume.esteri.it\/hr\/wp-json\/wp\/v2\/users\/1"}],"replies":[{"embeddable":true,"href":"https:\/\/consfiume.esteri.it\/hr\/wp-json\/wp\/v2\/comments?post=168"}],"version-history":[{"count":1,"href":"https:\/\/consfiume.esteri.it\/hr\/wp-json\/wp\/v2\/pages\/168\/revisions"}],"predecessor-version":[{"id":239,"href":"https:\/\/consfiume.esteri.it\/hr\/wp-json\/wp\/v2\/pages\/168\/revisions\/239"}],"up":[{"embeddable":true,"href":"https:\/\/consfiume.esteri.it\/hr\/wp-json\/wp\/v2\/pages\/166"}],"wp:attachment":[{"href":"https:\/\/consfiume.esteri.it\/hr\/wp-json\/wp\/v2\/media?parent=168"}],"curies":[{"name":"wp","href":"https:\/\/api.w.org\/{rel}","templated":true}]}}