{"id":527,"date":"2023-08-30T13:24:14","date_gmt":"2023-08-30T11:24:14","guid":{"rendered":"https:\/\/consfiume.esteri.it\/?page_id=527"},"modified":"2023-09-08T10:40:34","modified_gmt":"2023-09-08T08:40:34","slug":"mrezna-stranica-konzularnih-usluga","status":"publish","type":"page","link":"https:\/\/consfiume.esteri.it\/hr\/servizi-consolari-e-visti\/servizi-per-il-cittadino-italiano\/anagrafe-degli-italiani-residenti-allestero-aire\/mrezna-stranica-konzularnih-usluga\/","title":{"rendered":"Mre\u017ena stranica konzularnih usluga"},"content":{"rendered":"<div class=\"sr-only\"><\/div>\n<div>\n<p>Upis u Mati\u010dnu evidenciju talijanskih dr\u017eavljana u inozemstvu (AIRE) mo\u017ee se ostvariti i putem portala \u201eFAST IT &#8211; Servizi Consolari online\u201c, koji se kontinuirano a\u017eurira i koji je trenutno dostupan samo na talijanskom jeziku, registracijom i klikom na sljede\u0107u poveznicu:<\/p>\n<p><a href=\"https:\/\/serviziconsolarionline.esteri.it\">https:\/\/serviziconsolarionline.esteri.it<\/a><\/p>\n<p><strong>Korisne informacije<\/strong><\/p>\n<p>Portalom se mogu koristiti osobe koje dosad nisu koristite usluge Generalnog konzulata Italije u Rijeci i koje nisu nikada bile upisane u Mati\u010dnu evidenciju konzularnog predstavni\u0161ta.<\/p>\n<p>Od 15. svibnja 2018. na portalu postoji nova opcija: \u201eComunicazione della variazione di residenza\u201c (Obavijest o promjeni adrese prebivali\u0161ta) putem koje na\u0161i dr\u017eavljani mogu prijaviti promjenu svoje adrese na podru\u010dju za koje je teritorijalno nadle\u017ean Generalni konzulat.<\/p>\n<p><strong>Koje isprave je potrebno pripremiti prije prijavu na portal \u201eFAST IT\u201c?<\/strong><\/p>\n<p>&#8211; presliku talijanske putovnice ili valjane talijanske osobne iskaznice<\/p>\n<p>&#8211; valjani dokaz o prebivali\u0161tu ili du\u017eem boravi\u0161tu u inozemstvu<\/p>\n<p>Ako na istoj adresi u inozemstvu, s talijanskim dr\u017eavljaninom koji se prijavljuje u Mati\u010dnu evidenciju, \u017eive i ostali \u010dlanovi obitelji (npr. bra\u010dni drug i djeca) prijava \u0107e se odnositi i na te osobe. Ipak se savjetuje da svaki punoljetni \u010dlan obitelji popuni svoj obrazac kako bi podatci koji se upisuju i \u0161alju u talijanske op\u0107ine bili kompletniji. Po\u017eeljno je prilo\u017eiti i presliku osobne iskaznice bra\u010dnog druga, stranog dr\u017eavljana.<\/p>\n<p>Svi zahtjevi koji ne ispunjavaju gore navedene uvjete biti \u0107e odba\u010deni.<\/p>\n<p>Korisnik mo\u017ee konzultirati predmet koji je unesen u \u201eFAST IT\u201c i provjeriti u kojoj se fazi nalazi postupak, pristupiv\u0161i portalu svojom korisni\u010dkom lozinkom.<\/p>\n<p>Ako pri uno\u0161enju podataka nastane neki tehni\u010dki problem zahtjev treba poslati elektronskom ili obi\u010dnom po\u0161tom, obzirom da nije mogu\u0107e pru\u017eiti personaliziranu tehni\u010dku podr\u0161ku korisnicima.<\/p>\n<p><strong>Upute<\/strong><\/p>\n<p>1. REGISTRACIJA<\/p>\n<p>&#8211; Potvrditi posjedovanje talijanskog dr\u017eavljanstva<\/p>\n<p>&#8211; Navesti adresu elektronske po\u0161te i izraditi lozinku (od 8 do 16 znakova od kojih barem jedno veliko slovo, jedan broj i jedan poseban znak)<\/p>\n<p>2. AKTIVACIJA KORISNI\u010cKOG RA\u010cUNA<\/p>\n<p>&#8211; Na adresu elektronske po\u0161te koju ste naveli prilikom registracije dobiti \u0107ete mail s uputama o aktivaciji korisni\u010dkog ra\u010duna (kliknite na: ATTIVAZIONE UTENZA). Ako korisni\u010dki ra\u010dun ne bude aktiviran u roku od 72 sata, morate ponovno zatra\u017eiti aktivacijski kod (INVIO NUOVO CODICE DI ATTIVAZIONE)<\/p>\n<p>3. POPUNJAVANJE ZAHTJEVA<\/p>\n<p>&#8211; Nakon aktiviranja korisni\u010dkog ra\u010duna u\u0111ite u odjeljak za popunjavnje obrasca za upis u Mati\u010dnu evidenciju on line (ANAGRAFE CONSOLARE E AIRE) i prilo\u017eite gore navedene isprave.<\/p>\n<p>Pristupite portalu \u201eFAST IT\u201c putem sljede\u0107e poveznice:<\/p>\n<p><a href=\"https:\/\/serviziconsolarionline.esteri.it\">https:\/\/serviziconsolarionline.esteri.it<\/a><\/p>\n<p>PRIJE POKRETANJA POSTUPKA ON LINE, MOLIMO DA PROVJERITE IMATE LI PISA\u010c ILI SKENER.<\/p>\n<p><strong>VA\u017dNO<\/strong>: Za popunjavanje i slanje zahtjeva za upis u Mati\u010dnu evidenciju (AIRE) putem portala \u201cFAST IT\u201c nije potreban PIN koji ste koristili za aktivaciju korisni\u010dkog ra\u010duna.<\/p>\n<p>Napominje se da odre\u0111ene funkcije na portalu \u201eFAST IT\u201c za koje je potreban PIN nisu jo\u0161 aktivirane. \u010cim talijansko Ministarstvo vanjskih poslova i me\u0111unarodne suradnje bude osposobilo takve funkcije, na ovim \u0107emo mre\u017enim straniciama objaviti obavijest vezanu za dobivanje PIN-a.<\/p>\n<p><strong>PA\u017dNJA!<\/strong> Otvoriti i pa\u017eljivo pro\u010ditati sljede\u0107a dva priloga koji sadr\u017ee upute neophodne za pristup i popunjavanje zahtjeva za upis u Mati\u010dnu evidenciju (AIRE) putem portala \u201eFAST IT\u201c<\/p>\n<p><strong>Napominje se da NIJE mogu\u0107e unositi ni posebne znakove (npr.\u00c7 \u02dc) niti bilo koju vrstu akcenta (\u02c4\u02ca\u02bc).<\/strong><\/p>\n<p>&#8211; <a href=\"https:\/\/consfiume.esteri.it\/consolato_fiume\/resource\/doc\/2018\/06\/istruzioniiscrizionesecoli.pdf\">UPUTE ZA REGISTRACIJU<\/a><\/p>\n<p>&#8211; <a href=\"https:\/\/consfiume.esteri.it\/consolato_fiume\/resource\/doc\/2018\/06\/istruzionisecoliiscrizioneairerivista.pdf\">UPUTE ZA POPUNJAVANJE ZAHTJEVA<\/a> <a href=\"https:\/\/consfiume.esteri.it\/consolato_fiume\/resource\/doc\/2018\/06\/istruzionisecoliiscrizioneairerivista.pdf\"><br \/>\n<\/a><\/p>\n<p><strong>VA\u017dNO<\/strong><\/p>\n<p>Nakon primitka zahtjeva za upis u Mati\u010dnu evidenciju, Generalni konzulat \u0107e Vam poslati mail potvrde. Korisnik mo\u017ee tada od konzularnog ureda zatra\u017eiti sve ostale konzularne usluge bez obzira na trenutni status postupka.<\/p>\n<p>Podsje\u0107amo da zakonski rok za upis iznosi <strong>180 dana od podno\u0161enja potpunog zahtjeva<\/strong>. Nakon izvr\u0161enih provjera dobiti \u0107ete mail o zavr\u0161etku postupka.<\/p>\n<p><strong>Ako je zahtjev nepotpun zatra\u017eiti \u0107e se potrebne informacije ili nadopuna isprava direktno od podnositelja zahtjeva.<\/strong><\/p>\n<p><strong>Napominjemo da podno\u0161enje zahtjeva putem portala \u201eFAST IT\u201c ne predstavlja automatski upis u Mati\u010dnu evidenciju (AIRE) nego se radi o informati\u010dkoj proceduri kojom se postupak ubrzava i smanjuje rizik pogre\u0161ke zbog krivog uno\u0161enja podataka<\/strong>.<\/p>\n<p>Portal \u201eFAST IT\u201c se konstantno razvija i uskoro \u0107e pru\u017eiti i mnoge druge mogu\u0107nosti.<\/p>\n<p><strong>N.B. Za pristup svim konzularnim uslugama potrebno je pro\u010ditati i prihvatiti novi Pravilnik o privatnosti koji mo\u017eete prona\u0107i na sljede\u0107oj<\/strong> <a href=\"https:\/\/consfiume.esteri.it\/consolato_fiume\/it\/la_comunicazione\/dal_consolato\/privacy.html\">poveznici<\/a>.<a href=\"https:\/\/consfiume.esteri.it\/consolato_fiume\/it\/la_comunicazione\/dal_consolato\/privacy.html\"><br \/>\n<\/a><\/p>\n<p>Za vi\u0161e informacija o portalu \u201eFAST IT\u201c pogledajte promotivni video koji je pripremila Farnesina.<\/p>\n<\/div>\n<div id=\"simple-translate\" class=\"simple-translate-light-theme\">\n<div>\n<div class=\"simple-translate-button isShow\" style=\"background-image: url('moz-extension:\/\/e54a3a89-1ac9-4b70-a878-1cde700e3334\/icons\/512.png'); height: 22px; width: 22px; top: 10px; left: 23px;\"><\/div>\n<div class=\"simple-translate-panel \" style=\"width: 300px; height: 200px; top: 0px; left: 0px; font-size: 13px;\">\n<div class=\"simple-translate-result-wrapper\" style=\"overflow: hidden;\">\n<div class=\"simple-translate-move\" draggable=\"true\"><\/div>\n<div class=\"simple-translate-result-contents\">\n<p class=\"simple-translate-result\" dir=\"auto\">\n<p class=\"simple-translate-candidate\" dir=\"auto\">\n<\/div>\n<\/div>\n<\/div>\n<\/div>\n<\/div>\n","protected":false},"excerpt":{"rendered":"Upis u Mati\u010dnu evidenciju talijanskih dr\u017eavljana u inozemstvu (AIRE) mo\u017ee se ostvariti i putem portala \u201eFAST IT &#8211; Servizi Consolari online\u201c, koji se kontinuirano a\u017eurira i koji je trenutno dostupan samo na talijanskom jeziku, registracijom i klikom na sljede\u0107u poveznicu: https:\/\/serviziconsolarionline.esteri.it Korisne informacije Portalom se mogu koristiti osobe koje dosad nisu koristite usluge Generalnog konzulata [&hellip;]","protected":false},"author":3,"featured_media":0,"parent":145,"menu_order":0,"comment_status":"closed","ping_status":"closed","template":"","meta":{"footnotes":""},"class_list":["post-527","page","type-page","status-publish","hentry"],"_links":{"self":[{"href":"https:\/\/consfiume.esteri.it\/hr\/wp-json\/wp\/v2\/pages\/527","targetHints":{"allow":["GET"]}}],"collection":[{"href":"https:\/\/consfiume.esteri.it\/hr\/wp-json\/wp\/v2\/pages"}],"about":[{"href":"https:\/\/consfiume.esteri.it\/hr\/wp-json\/wp\/v2\/types\/page"}],"author":[{"embeddable":true,"href":"https:\/\/consfiume.esteri.it\/hr\/wp-json\/wp\/v2\/users\/3"}],"replies":[{"embeddable":true,"href":"https:\/\/consfiume.esteri.it\/hr\/wp-json\/wp\/v2\/comments?post=527"}],"version-history":[{"count":1,"href":"https:\/\/consfiume.esteri.it\/hr\/wp-json\/wp\/v2\/pages\/527\/revisions"}],"predecessor-version":[{"id":528,"href":"https:\/\/consfiume.esteri.it\/hr\/wp-json\/wp\/v2\/pages\/527\/revisions\/528"}],"up":[{"embeddable":true,"href":"https:\/\/consfiume.esteri.it\/hr\/wp-json\/wp\/v2\/pages\/145"}],"wp:attachment":[{"href":"https:\/\/consfiume.esteri.it\/hr\/wp-json\/wp\/v2\/media?parent=527"}],"curies":[{"name":"wp","href":"https:\/\/api.w.org\/{rel}","templated":true}]}}