{"id":324,"date":"2023-08-30T13:24:14","date_gmt":"2023-08-30T11:24:14","guid":{"rendered":"https:\/\/consfiume.esteri.it\/?page_id=324"},"modified":"2025-07-09T16:13:26","modified_gmt":"2025-07-09T14:13:26","slug":"fast-it","status":"publish","type":"page","link":"https:\/\/consfiume.esteri.it\/it\/servizi-consolari-e-visti\/servizi-per-il-cittadino-italiano\/anagrafe-degli-italiani-residenti-allestero-aire\/fast-it\/","title":{"rendered":"FAST.IT"},"content":{"rendered":"<div>\n<p>FAST IT \u00e8 uno strumento indispensabile per gestire le operazioni anagrafiche consolari nel modo pi\u00f9 facile e veloce. FAST IT, realizzato dal Ministero degli Affari Esteri e della Cooperazione Internazionale, \u00e8 una realt\u00e0 dinamica e in evoluzione, che intende essere un esempio privilegiato di digitalizzazione dei servizi consolati. Il portale \u00e8 accessibile su <a href=\"https:\/\/serviziconsolarionline.esteri.it\">https:\/\/serviziconsolarionline.esteri.it<\/a><\/p>\n<p>Il portale \u201cFast It\u201d permette una rapida e autonoma gestione della propria iscrizione all\u2019AIRE, consentendo anche l\u2019aggiornamento dei dati. Il portale permette di gestire la propria posizione senza doversi recare in Consolato n\u00e9 inviare email o interagire con il personale del Consolato. Se ne raccomanda pertanto l\u2019utilizzo come modalit\u00e0 principale di gestione della propria iscrizione e per l\u2019aggiornamento dei propri dati.<\/p>\n<p><strong>Per l\u2019utilizzo del portale FAST-IT servizi consolari online si ricorda che:<\/strong><\/p>\n<ul>\n<li><strong>la domanda di iscrizione all\u2019anagrafe consolare\/A.I.R.E. deve essere firmata e qualora si tratti di una pratica che riguardi o includa minorenni \u00e8 necessaria la firma di entrambi i genitori;<\/strong><\/li>\n<li><strong>i documenti allegati possono essere in formato PDF, JPG, JPEG, PNG e P7M, di dimensione massima di 1 MB ciascuno;<\/strong><\/li>\n<li><strong>per ovviare al limite di caricamento di 3 allegati, si consiglia di allegare pi\u00f9 documenti in un unico file PDF, che comunque non deve avere dimensione superiore a 1 MB;<\/strong><\/li>\n<li><strong>i documenti di identit\u00e0 italiani e croati devono essere allegati fronte-retro.<\/strong><\/li>\n<\/ul>\n<p><strong>Cos\u2019\u00e8 FAST IT?<\/strong><\/p>\n<p>Il portale Fast It (Farnesina Servizi Telematici per Italiani all\u2019Estero) \u00e8 un portale dedicato ai cittadini italiani residenti all\u2019estero e attivo su tutta la rete consolare del Ministero. L\u2019impiego di Fast It consente di ridurre il margine di errore negli schedari consolari, migliorando l\u2019interazione con gli utenti. Inoltre, il servizio pu\u00f2 essere utilizzato efficacemente anche da smartphone e da altri dispositivi mobili.<\/p>\n<p>Il portale pu\u00f2 essere utilizzato anche da cittadini che non abbiano mai ottenuto un servizio consolare a Fiume e che non siano mai stati iscritti nello schedario della Sede.<br \/>\nIn fondo a questa pagina sono disponibili due video tutorial su come iscriversi all\u2019AIRE e come cambiare indirizzo.<\/p>\n<p><strong>Quali servizi mi consente di ottenere il portale Fast It?<\/strong><\/p>\n<p>Sul portale Fast It \u00e8 possibile:<\/p>\n<ul>\n<li>chiedere l&#8217;iscrizione all&#8217;Anagrafe degli Italiani Residenti all&#8217;Estero;<\/li>\n<li>se gi\u00e0 iscritto all\u2019A.I.R.E., verificare i propri dati di residenza;<\/li>\n<li>comunicare il cambio di residenza all\u2019interno della stessa circoscrizione consolare;<\/li>\n<li>comunicare il cambio di residenza ad altra circoscrizione consolare e\/o ad altro Paese.<\/li>\n<\/ul>\n<p><strong>Quali sono i documenti da predisporre prima di accedere al portale &#8220;Fast It&#8221;?<\/strong><\/p>\n<ul>\n<li>copia del passaporto italiano o copia della carta d&#8217;identit\u00e0 in corso di validit\u00e0;<\/li>\n<li>prova della stabile e legale residenza all&#8217;estero.<\/li>\n<\/ul>\n<p style=\"text-align: justify;\">In caso di familiari dichiarati come residenti all&#8217;estero, la richiesta di iscrizione \u00e8 presentata dal cittadino italiano anche per gli altri componenti della famiglia che vivono allo stesso indirizzo (ad esempio: il coniuge, i figli). I componenti magiorenni del nucleo convivente allo stesso indirizzo devono firmare la richiesta di iscrizione, oltre al dichiarante.<\/p>\n<p>\u00c8 comunque consigliabile che ciascun componente maggiorenni della famiglia compilino un modello di iscrizione per consentire l&#8217;invio di dati pi\u00f9 completi al Comune in Italia. Inoltre solo chi ha creato un account sul portale Fast It pu\u00f2 consultare la propria scheda anagrafica. Anche in caso di coniuge straniero \u00e8 opportuno allegare fotocopia del documento d&#8217;identit\u00e0 dello stesso.<\/p>\n<p>Le pratiche avviate attraverso &#8220;Fast It&#8221; sono consultabili on-line, ed \u00e8 cura del singolo cittadino accedere con la propria utenza e password per conoscerne lo stato.<\/p>\n<p><strong>ISTRUZIONI<\/strong><\/p>\n<p>1. REGISTRARSI<\/p>\n<ul>\n<li>Si dovr\u00e0 confermare il possesso della cittadinanza italiana.<\/li>\n<li>Sar\u00e0 necessario indicare un indirizzo mail e una password (da un minimo di 8 caratteri ad un massimo di 16, perlomeno una lettera maiuscola, un numero e un carattere speciale).<\/li>\n<\/ul>\n<p>2. ATTIVARE L&#8217;ACCOUNT<\/p>\n<ul>\n<li>Si ricever\u00e0 una mail all\u2019indirizzo indicato, chiedendo di attivare l\u2019account (cliccare sul link di ATTIVAZIONE UTENZA).Qualora l\u2019account non sia attivato entro 72 ore, dovr\u00e0 essere richiesto un nuovo codice di attivazione (INVIO NUOVO CODICE DI ATTIVAZIONE).<\/li>\n<\/ul>\n<p>3. COMPILARE LA RICHIESTA<\/p>\n<ul>\n<li>Dopo aver attivato l\u2019account, si dovr\u00e0 accedere al sistema per compilare la richiesta di iscrizione AIRE on line (ANAGRAFE CONSOLARE E AIRE), allegando i documenti di cui sopra.<\/li>\n<\/ul>\n<p>&nbsp;<\/p>\n<p><strong>ATTENZIONE<\/strong>! Sulla piattaforma FAST IT \u00e8 possibile consultare le FAQ che ne facilitano la navigazione.<\/p>\n<p>Aprire e leggere attentamente i due allegati seguenti per la corretta registrazione e per la successiva compilazione della domanda di iscrizione AIRE sul portale Fast It.<\/p>\n<ul>\n<li><a href=\"https:\/\/consfiume.esteri.it\/wp-content\/uploads\/2023\/09\/istruzioniiscrizionesecoli.pdf\">ISTRUZIONI REGISTRAZIONE<\/a><\/li>\n<li><a href=\"https:\/\/consfiume.esteri.it\/wp-content\/uploads\/2023\/09\/istruzionisecoliiscrizioneairerivista.pdf\">ISTRUZIONI &#8220;RICHIESTA<\/a><\/li>\n<\/ul>\n<p>Di seguito due utili tutorial:<\/p>\n<p><a href=\"https:\/\/www.youtube.com\/watch?v=862h6O8ScnA\">Come iscriversi all\u2019AIRE tramite FAST IT<\/a><\/p>\n<p><a href=\"https:\/\/www.youtube.com\/watch?v=f5Z_-QTLc8c\">Come aggiornare il proprio indirizzo tramite FAST IT<\/a><\/p>\n<p>Guarda il <a href=\"https:\/\/www.youtube.com\/watch?v=S7FR2SXF6YA\">video <\/a>promosso dal Ministero degli Affari Esteri e della Cooperazione Internazionale.<\/p>\n<p>E\u2019 disponibile anche una <a href=\"https:\/\/consfiume.esteri.it\/wp-content\/uploads\/2023\/09\/fast_it_-_guida_allutilizzo_fiume.pdf\">guida pratica per l\u2019utilizzo del portale FAST IT (link)<\/a><\/p>\n<p>&nbsp;<\/p>\n<p>In alternativa rimane la possibilit\u00e0 di inoltrare la domanda di iscrizione A.I.R.E. attraverso la compilazione del modulo qui allegato che dovr\u00e0 essere inoltrato a questo Consolato Generale (<a href=\"https:\/\/consfiume.esteri.it\/wp-content\/uploads\/2023\/09\/modulo_iscrizione_aire_cittadini_dallitalia.pdf\">MODULO<\/a>)<\/p>\n<\/div>\n","protected":false},"excerpt":{"rendered":"FAST IT \u00e8 uno strumento indispensabile per gestire le operazioni anagrafiche consolari nel modo pi\u00f9 facile e veloce. FAST IT, realizzato dal Ministero degli Affari Esteri e della Cooperazione Internazionale, \u00e8 una realt\u00e0 dinamica e in evoluzione, che intende essere un esempio privilegiato di digitalizzazione dei servizi consolati. Il portale \u00e8 accessibile su https:\/\/serviziconsolarionline.esteri.it Il [&hellip;]","protected":false},"author":3,"featured_media":322,"parent":85,"menu_order":0,"comment_status":"closed","ping_status":"closed","template":"","meta":{"footnotes":""},"class_list":["post-324","page","type-page","status-publish","has-post-thumbnail","hentry"],"_links":{"self":[{"href":"https:\/\/consfiume.esteri.it\/it\/wp-json\/wp\/v2\/pages\/324","targetHints":{"allow":["GET"]}}],"collection":[{"href":"https:\/\/consfiume.esteri.it\/it\/wp-json\/wp\/v2\/pages"}],"about":[{"href":"https:\/\/consfiume.esteri.it\/it\/wp-json\/wp\/v2\/types\/page"}],"author":[{"embeddable":true,"href":"https:\/\/consfiume.esteri.it\/it\/wp-json\/wp\/v2\/users\/3"}],"replies":[{"embeddable":true,"href":"https:\/\/consfiume.esteri.it\/it\/wp-json\/wp\/v2\/comments?post=324"}],"version-history":[{"count":6,"href":"https:\/\/consfiume.esteri.it\/it\/wp-json\/wp\/v2\/pages\/324\/revisions"}],"predecessor-version":[{"id":2529,"href":"https:\/\/consfiume.esteri.it\/it\/wp-json\/wp\/v2\/pages\/324\/revisions\/2529"}],"up":[{"embeddable":true,"href":"https:\/\/consfiume.esteri.it\/it\/wp-json\/wp\/v2\/pages\/85"}],"wp:featuredmedia":[{"embeddable":true,"href":"https:\/\/consfiume.esteri.it\/it\/wp-json\/wp\/v2\/media\/322"}],"wp:attachment":[{"href":"https:\/\/consfiume.esteri.it\/it\/wp-json\/wp\/v2\/media?parent=324"}],"curies":[{"name":"wp","href":"https:\/\/api.w.org\/{rel}","templated":true}]}}