{"id":34,"date":"2023-04-03T19:15:16","date_gmt":"2023-04-03T17:15:16","guid":{"rendered":"https:\/\/consolatozurigo.esteri.it\/?page_id=34"},"modified":"2026-03-06T14:44:25","modified_gmt":"2026-03-06T13:44:25","slug":"il-console-generale","status":"publish","type":"page","link":"https:\/\/consfiume.esteri.it\/it\/chi-siamo\/il-console-generale\/","title":{"rendered":"Il Console Generale"},"content":{"rendered":"<p><strong><img loading=\"lazy\" decoding=\"async\" class=\"alignnone size-medium wp-image-1718 img-fluid\" src=\"https:\/\/consfiume.esteri.it\/wp-content\/uploads\/2024\/11\/Foto-sito-295x300.jpeg\" alt=\"\" width=\"295\" height=\"300\" srcset=\"https:\/\/consfiume.esteri.it\/wp-content\/uploads\/2024\/11\/Foto-sito-295x300.jpeg 295w, https:\/\/consfiume.esteri.it\/wp-content\/uploads\/2024\/11\/Foto-sito.jpeg 376w\" sizes=\"auto, (max-width: 295px) 100vw, 295px\" \/><\/strong><\/p>\n<p><strong>IVA PALMIERI<\/strong><\/p>\n<p>Cari connazionali e amici dell\u2019Italia,<\/p>\n<p>\u00e8 per me un onore e un privilegio servire il mio straordinario Paese in una regione del mondo cos\u00ec peculiare e cos\u00ec \u201cricca\u201d dal punto di vista storico, sociale, culturale ed economico.<\/p>\n<p style=\"text-align: justify;\">Vorrei che il Consolato generale d\u2019Italia a Fiume divenisse, sempre di pi\u00f9, un \u201cponte\u201d: un ponte sull\u2019Adriatico, un ponte tra i nostri Paesi, e un ponte che ci porti sempre pi\u00f9 agevolmente nel territorio della Casa Comune Europea, di cui condividiamo valori e appartenenza.<\/p>\n<p>Un ponte di storia, cultura, tradizioni, ma anche di servizi, di amicizia e di condivisione.<\/p>\n<p>Buona navigazione a tutti!<\/p>\n","protected":false},"excerpt":{"rendered":"IVA PALMIERI Cari connazionali e amici dell\u2019Italia, \u00e8 per me un onore e un privilegio servire il mio straordinario Paese in una regione del mondo cos\u00ec peculiare e cos\u00ec \u201cricca\u201d dal punto di vista storico, sociale, culturale ed economico. Vorrei che il Consolato generale d\u2019Italia a Fiume divenisse, sempre di pi\u00f9, un \u201cponte\u201d: un ponte [&hellip;]","protected":false},"author":1,"featured_media":0,"parent":13,"menu_order":0,"comment_status":"closed","ping_status":"closed","template":"","meta":{"footnotes":""},"class_list":["post-34","page","type-page","status-publish","hentry"],"_links":{"self":[{"href":"https:\/\/consfiume.esteri.it\/it\/wp-json\/wp\/v2\/pages\/34","targetHints":{"allow":["GET"]}}],"collection":[{"href":"https:\/\/consfiume.esteri.it\/it\/wp-json\/wp\/v2\/pages"}],"about":[{"href":"https:\/\/consfiume.esteri.it\/it\/wp-json\/wp\/v2\/types\/page"}],"author":[{"embeddable":true,"href":"https:\/\/consfiume.esteri.it\/it\/wp-json\/wp\/v2\/users\/1"}],"replies":[{"embeddable":true,"href":"https:\/\/consfiume.esteri.it\/it\/wp-json\/wp\/v2\/comments?post=34"}],"version-history":[{"count":6,"href":"https:\/\/consfiume.esteri.it\/it\/wp-json\/wp\/v2\/pages\/34\/revisions"}],"predecessor-version":[{"id":2983,"href":"https:\/\/consfiume.esteri.it\/it\/wp-json\/wp\/v2\/pages\/34\/revisions\/2983"}],"up":[{"embeddable":true,"href":"https:\/\/consfiume.esteri.it\/it\/wp-json\/wp\/v2\/pages\/13"}],"wp:attachment":[{"href":"https:\/\/consfiume.esteri.it\/it\/wp-json\/wp\/v2\/media?parent=34"}],"curies":[{"name":"wp","href":"https:\/\/api.w.org\/{rel}","templated":true}]}}