{"id":35,"date":"2023-04-03T19:15:30","date_gmt":"2023-04-03T17:15:30","guid":{"rendered":"https:\/\/consolatozurigo.esteri.it\/?page_id=35"},"modified":"2026-03-06T14:47:16","modified_gmt":"2026-03-06T13:47:16","slug":"la-sede","status":"publish","type":"page","link":"https:\/\/consfiume.esteri.it\/it\/chi-siamo\/la-sede\/","title":{"rendered":"La Sede"},"content":{"rendered":"<p style=\"font-weight: 400; text-align: center;\"><b><strong>Consolato Generale d&#8217;Italia a Fiume<\/strong><\/b><\/p>\n<p style=\"text-align: center;\"><img loading=\"lazy\" decoding=\"async\" class=\"alignnone size-medium wp-image-275 img-fluid\" src=\"https:\/\/consfiume.esteri.it\/wp-content\/uploads\/2023\/07\/Palazzo-Adria-1-300x209.jpg\" alt=\"\" width=\"300\" height=\"209\" srcset=\"https:\/\/consfiume.esteri.it\/wp-content\/uploads\/2023\/07\/Palazzo-Adria-1-300x209.jpg 300w, https:\/\/consfiume.esteri.it\/wp-content\/uploads\/2023\/07\/Palazzo-Adria-1-768x536.jpg 768w, https:\/\/consfiume.esteri.it\/wp-content\/uploads\/2023\/07\/Palazzo-Adria-1.jpg 1024w\" sizes=\"auto, (max-width: 300px) 100vw, 300px\" \/><\/p>\n<p>&nbsp;<\/p>\n<p style=\"text-align: justify;\">Il Consolato Generale di Italia a Fiume \u00e8 ospitato nel <b>Palazzo Adria, <\/b>uno storico edificio affacciato sul mare gi\u00e0 sede della Societ\u00e0 anonima di navigazione marittima &#8220;Adria&#8221;.\u00a0Il palazzo fu costruito nel 1897 per la compagnia di navigazione marittima ungherese &#8220;Adria&#8221; venne ribattezzato &#8220;Jadran&#8221; dopo la seconda guerra mondiale. La sua facciata monumentale domina l&#8217;intero porto di Fiume, e l&#8217;altra d\u00e0 su piazza Adria. L&#8217;edificio, progettato dall&#8217;architetto fiumano Francesco Mattiassi e costruito da Giacomo Zammattio, \u00e8 dotato di numerose sculture di Sebastiano Bonomi che richiamano il mondo del lavoro marittimo.<\/p>\n<p>&nbsp;<\/p>\n<p style=\"font-weight: 400;\">Riva 16<br \/>\n51000 Fiume<br \/>\nTel: +385.51. 355200 \/ 201<\/p>\n<p>Tel. Emergenza 00385.98.414602 &#8211; 00385.98.414048<\/p>\n<p style=\"font-weight: 400;\">e-mail:\u00a0<a href=\"mailto:cons.fiume@esteri.it\">cons.fiume@esteri.it<\/a><\/p>\n<p style=\"font-weight: 400;\">PEC:\u00a0<a href=\"mailto:con.fiume@cert.esteri.it\">con.fiume@cert.esteri.it <\/a><\/p>\n<p style=\"font-weight: 400;\"><b><strong>Orario di ricevimento del pubblico<\/strong><\/b><\/p>\n<p>Nel quadro del processo di miglioramento dell\u2019efficienza e della qualit\u00e0 dei servizi offerti il Consolato Generale riceve il pubblico, previo appuntamento*:<\/p>\n<ul style=\"font-weight: 400;\">\n<li><b><strong>Luned\u00ec: 9:00 \u2013 12:00<\/strong><\/b><\/li>\n<li><b><strong>Marted\u00ec: 9:00 \u2013 12:00 e 13:45 \u2013 15:45<\/strong><\/b><\/li>\n<li><b><strong>Mercoled\u00ec: 9:00 \u2013 12:00<\/strong><\/b><\/li>\n<li><b><strong>Gioved\u00ec: 9:00 \u2013 12:00<\/strong><\/b><\/li>\n<\/ul>\n<p style=\"font-weight: 400; text-align: justify;\"><b><strong>*Gli appuntamenti vanno richiesti telefonicamente dal luned\u00ec al venerd\u00ec dalle ore 10.00 alle ore 13.00 al numero 00385.51.355200, oppure per e-mail all\u2019indirizzo cons.fiume@esteri.it<\/strong><\/b><\/p>\n<p style=\"font-weight: 400; text-align: justify;\"><b><strong>Informazioni<br \/>\n<\/strong><\/b><br \/>\n<b><strong>Per informazioni specifiche non presenti in questa pagina web, si prega di contattare il numero 00385.51.355200 disponibile dal luned\u00ec al venerd\u00ec dalle 10.00 alle 13.00<\/strong><\/b><\/p>\n<p style=\"font-weight: 400;\"><b><strong>Modalit\u00e0 di ingresso in Croazia<br \/>\n<\/strong><\/b><br \/>\nSi informa che per l&#8217;ingresso e la circolazione in Croazia \u00e8 necessario, anche per i minori accompagnati, il documento di identit\u00e0 valido per l&#8217;espatrio o il passaporto.<\/p>\n<p style=\"font-weight: 400; text-align: justify;\"><b><strong>I minori di 14 anni non accompagnati da almeno uno dei genitori<\/strong><\/b>\u00a0o da chi ne fa le veci (vedi nominativi indicati sulla carta d&#8217;identit\u00e0 o sul passaporto), dovranno essere muniti oltre del documento anche della dichiarazione di accompagnamento &#8211; valida sei mesi e per un solo viaggio a\/r &#8211; resa dai genitori o dai tutori del minore presso l&#8217;Autorit\u00e0 di Polizia competenti territorialmente.<\/p>\n<p style=\"font-weight: 400; text-align: justify;\">Prima di inviare un messaggio di posta elettronica, i gentili utenti sono invitati a leggere attentamente le indicazioni disponibili sul presente sito, in quanto tutte le e-mail che perverranno relative a richieste d&#8217;informazioni su servizi consolari, le cui risposte sono gia&#8217; indicate, potrebbero non essere prese in considerazione.<\/p>\n<p style=\"font-weight: 400;\">Indirizzi e-mail:<br \/>\n\u2022Console Generale\u00a0\u00a0\u00a0\u00a0\u00a0\u00a0\u00a0\u00a0\u00a0\u00a0\u00a0\u00a0\u00a0\u00a0\u00a0\u00a0\u00a0\u00a0<a href=\"mailto:consgen.fiume@esteri.it\">consgen.fiume@esteri.it<\/a><br \/>\n\u2022Consolato Generale\u00a0\u00a0\u00a0\u00a0\u00a0\u00a0\u00a0\u00a0\u00a0\u00a0\u00a0\u00a0\u00a0\u00a0\u00a0<a href=\"mailto:cons.fiume@esteri.it\">cons.fiume@esteri.it<\/a><br \/>\n\u2022Consolare\u00a0\u00a0\u00a0\u00a0\u00a0\u00a0\u00a0\u00a0\u00a0\u00a0\u00a0\u00a0\u00a0\u00a0\u00a0\u00a0\u00a0\u00a0\u00a0\u00a0\u00a0\u00a0\u00a0\u00a0\u00a0\u00a0\u00a0\u00a0\u00a0<a href=\"mailto:consolare.fiume@esteri.it\">consolare.fiume@esteri.it<\/a><br \/>\n\u2022Archivio\u00a0\u00a0\u00a0\u00a0\u00a0\u00a0\u00a0\u00a0\u00a0\u00a0\u00a0\u00a0\u00a0\u00a0\u00a0\u00a0\u00a0\u00a0\u00a0\u00a0\u00a0\u00a0\u00a0\u00a0\u00a0\u00a0\u00a0\u00a0\u00a0 \u00a0\u00a0<a href=\"mailto:archivio.fiume@esteri.it\">archivio.fiume@esteri.it<\/a><br \/>\n\u2022Carte di Identit\u00e0\u00a0\u00a0\u00a0\u00a0\u00a0\u00a0\u00a0\u00a0\u00a0\u00a0\u00a0\u00a0\u00a0\u00a0\u00a0\u00a0\u00a0 \u00a0\u00a0<a href=\"mailto:ci_confium@esteri.it\">ci_confium@esteri.it<\/a><br \/>\n\u2022Cittadinanza\u00a0\u00a0\u00a0\u00a0\u00a0\u00a0\u00a0\u00a0\u00a0\u00a0\u00a0\u00a0\u00a0\u00a0\u00a0\u00a0\u00a0\u00a0\u00a0\u00a0\u00a0 \u00a0\u00a0\u00a0<a href=\"mailto:cittadinanza.fiume@esteri.it\">cittadinanza.fiume@esteri.it<\/a><br \/>\n\u2022Commerciale\u00a0\u00a0\u00a0\u00a0\u00a0\u00a0\u00a0\u00a0\u00a0\u00a0\u00a0\u00a0\u00a0\u00a0\u00a0\u00a0\u00a0\u00a0\u00a0\u00a0\u00a0\u00a0\u00a0\u00a0<a href=\"mailto:commerciale.fiume@esteri.it\">commerciale.fiume@esteri.it<\/a><br \/>\n\u2022Contabilit\u00e0\u00a0\u00a0\u00a0\u00a0\u00a0\u00a0\u00a0\u00a0\u00a0\u00a0\u00a0\u00a0\u00a0\u00a0\u00a0\u00a0\u00a0\u00a0\u00a0\u00a0\u00a0\u00a0\u00a0\u00a0\u00a0 \u00a0<a href=\"mailto:contabilita.fiume@esteri.it\">contabilita.fiume@esteri.it<\/a><br \/>\n\u2022Culturale\u00a0\u00a0\u00a0\u00a0\u00a0\u00a0\u00a0\u00a0\u00a0\u00a0\u00a0\u00a0\u00a0\u00a0\u00a0\u00a0\u00a0\u00a0\u00a0\u00a0\u00a0\u00a0\u00a0\u00a0\u00a0\u00a0\u00a0\u00a0\u00a0<a href=\"mailto:culturale.fiume@esteri.it\">culturale.fiume@esteri.it<\/a><br \/>\n\u2022Passaporti\u00a0\u00a0\u00a0\u00a0\u00a0\u00a0\u00a0\u00a0\u00a0\u00a0\u00a0\u00a0\u00a0\u00a0\u00a0\u00a0\u00a0\u00a0\u00a0\u00a0\u00a0\u00a0\u00a0\u00a0\u00a0\u00a0\u00a0<a href=\"mailto:passaporti.fiume@esteri.it\">passaporti.fiume@esteri.it<\/a><br \/>\n\u2022Segreteria\u00a0\u00a0\u00a0\u00a0\u00a0\u00a0\u00a0\u00a0\u00a0\u00a0\u00a0\u00a0\u00a0\u00a0\u00a0\u00a0\u00a0\u00a0\u00a0\u00a0\u00a0\u00a0\u00a0\u00a0\u00a0\u00a0\u00a0<a href=\"mailto:segreteria.fiume@esteri.it\">segreteria.fiume@esteri.it<\/a><br \/>\n\u2022Stato Civile\u00a0\u00a0\u00a0\u00a0\u00a0\u00a0\u00a0\u00a0\u00a0\u00a0\u00a0\u00a0\u00a0\u00a0\u00a0\u00a0\u00a0\u00a0\u00a0\u00a0\u00a0\u00a0\u00a0\u00a0 \u00a0<a href=\"mailto:statocivile.fiume@esteri.it\">statocivile.fiume@esteri.it<\/a><br \/>\n\u2022Posta certificata\u00a0\u00a0\u00a0\u00a0\u00a0\u00a0\u00a0\u00a0\u00a0\u00a0\u00a0\u00a0\u00a0\u00a0\u00a0\u00a0\u00a0\u00a0\u00a0<a href=\"mailto:con.fiume@cert.esteri.it\">con.fiume@cert.esteri.it<\/a><br \/>\n\u2022Posta certificata passaporti\u00a0\u00a0\u00a0<a href=\"mailto:con.fiume.pass@esteri.it\">con.fiume.pass@esteri.it<\/a><\/p>\n","protected":false},"excerpt":{"rendered":"Consolato Generale d&#8217;Italia a Fiume &nbsp; Il Consolato Generale di Italia a Fiume \u00e8 ospitato nel Palazzo Adria, uno storico edificio affacciato sul mare gi\u00e0 sede della Societ\u00e0 anonima di navigazione marittima &#8220;Adria&#8221;.\u00a0Il palazzo fu costruito nel 1897 per la compagnia di navigazione marittima ungherese &#8220;Adria&#8221; venne ribattezzato &#8220;Jadran&#8221; dopo la seconda guerra mondiale. La [&hellip;]","protected":false},"author":1,"featured_media":275,"parent":13,"menu_order":2,"comment_status":"closed","ping_status":"closed","template":"","meta":{"footnotes":""},"class_list":["post-35","page","type-page","status-publish","has-post-thumbnail","hentry"],"_links":{"self":[{"href":"https:\/\/consfiume.esteri.it\/it\/wp-json\/wp\/v2\/pages\/35","targetHints":{"allow":["GET"]}}],"collection":[{"href":"https:\/\/consfiume.esteri.it\/it\/wp-json\/wp\/v2\/pages"}],"about":[{"href":"https:\/\/consfiume.esteri.it\/it\/wp-json\/wp\/v2\/types\/page"}],"author":[{"embeddable":true,"href":"https:\/\/consfiume.esteri.it\/it\/wp-json\/wp\/v2\/users\/1"}],"replies":[{"embeddable":true,"href":"https:\/\/consfiume.esteri.it\/it\/wp-json\/wp\/v2\/comments?post=35"}],"version-history":[{"count":7,"href":"https:\/\/consfiume.esteri.it\/it\/wp-json\/wp\/v2\/pages\/35\/revisions"}],"predecessor-version":[{"id":2986,"href":"https:\/\/consfiume.esteri.it\/it\/wp-json\/wp\/v2\/pages\/35\/revisions\/2986"}],"up":[{"embeddable":true,"href":"https:\/\/consfiume.esteri.it\/it\/wp-json\/wp\/v2\/pages\/13"}],"wp:featuredmedia":[{"embeddable":true,"href":"https:\/\/consfiume.esteri.it\/it\/wp-json\/wp\/v2\/media\/275"}],"wp:attachment":[{"href":"https:\/\/consfiume.esteri.it\/it\/wp-json\/wp\/v2\/media?parent=35"}],"curies":[{"name":"wp","href":"https:\/\/api.w.org\/{rel}","templated":true}]}}