{"id":36,"date":"2023-04-03T19:15:47","date_gmt":"2023-04-03T17:15:47","guid":{"rendered":"https:\/\/consolatozurigo.esteri.it\/?page_id=36"},"modified":"2026-03-24T10:21:17","modified_gmt":"2026-03-24T09:21:17","slug":"gli-uffici","status":"publish","type":"page","link":"https:\/\/consfiume.esteri.it\/it\/chi-siamo\/gli-uffici\/","title":{"rendered":"Gli Uffici"},"content":{"rendered":"<p style=\"font-weight: 400;\">Di seguiti sono elencati tutti gli uffici del Consolato Generale d&#8217; Italia a Fiume. Per scoprire\u00a0<b><strong>i servizi relativi<\/strong><\/b>\u00a0a ciascuna area \u00e8 possibile cliccare sulla voce di riferimento.<\/p>\n<table style=\"font-weight: 400;\">\n<tbody>\n<tr>\n<td>UFFICIO<\/td>\n<td>COMPETENZE<\/td>\n<td>INDIRIZZO EMAIL<\/td>\n<\/tr>\n<tr>\n<td>ANAGRAFE<\/td>\n<td>Iscrizione\/cambio residenza AIRE<\/td>\n<td>cons.fiume@esteri.it<\/td>\n<\/tr>\n<tr>\n<td>CARTE D&#8217;IDENTITA&#8217;<\/td>\n<td>Rilascio\/rinnovo Carte d&#8217;Identit\u00e0<\/td>\n<td>ci_confium@esteri.it<\/td>\n<\/tr>\n<tr>\n<td>CITTADINANZA<\/td>\n<td>Acquisto, riconoscimento, rinuncia di cittadinanza<\/td>\n<td>cittadinanza.fiume@esteri.it<\/td>\n<\/tr>\n<tr>\n<td>CODICE FISCALE<\/td>\n<td>Rilascio codice fiscale<\/td>\n<td>cons.fiume@esteri.it<\/td>\n<\/tr>\n<tr>\n<td>NOTARILE<\/td>\n<td>Procure, atti notori, deleghe, attestazione di traduzioni, affidamenti di minori, accettazione\/rinunce di eredit\u00e0, atti di riconoscimento figli naturali, autentiche di fotografie, testamenti, adozioni, navigazione, etc.<\/td>\n<td>cons.fiume@esteri.it<\/td>\n<\/tr>\n<tr>\n<td>PASSAPORTI<\/td>\n<td>Rilascio Passaporti<\/td>\n<td>passaporti.fiume@esteri.it<\/td>\n<\/tr>\n<tr>\n<td>STUDI<\/td>\n<td>Informazioni per l&#8217;iscrizione a Scuole e Universit\u00e0 in Italia e dichiarazioni di valore per i titoli conseguiti\u00a0presso Scuole e Universit\u00e0 della circoscrizione consolare<\/td>\n<td>culturale.fiume@esteri.it<\/td>\n<\/tr>\n<tr>\n<td>STATO CIVILE<\/td>\n<td>Registrazione atti di nascita, matrimoni, divorzi<\/td>\n<td>statocivile.fiume@esteri.it<\/td>\n<\/tr>\n<tr>\n<td>ASSISTENZA SOCIALE<\/td>\n<td>Assistenza a connazionali indigenti, pensioni e lavoro, rimpatri, atti di morte<\/td>\n<td>consolare.fiume@esteri.it<\/td>\n<\/tr>\n<tr>\n<td>COMMERCIALE<\/td>\n<td>Informazioni e consulenza sulla situazione economica locale e possibilit\u00e0 di attivit\u00e0 commerciali tra Croazia e Italia<\/td>\n<td>commerciale.fiume@esteri.it<\/td>\n<\/tr>\n<tr>\n<td>\u00a0SEGRETERIA<\/td>\n<td>Per richieste generiche di informazioni o osservazioni sul servizio prestato dal Consolato<\/td>\n<td>segreteria.fiume@esteri.it<\/td>\n<\/tr>\n<\/tbody>\n<\/table>\n<p style=\"font-weight: 400;\"><b><strong>Numeri Utili:<br \/>\n<\/strong><\/b>00385.51.355200<br \/>\n00385.51.355201<\/p>\n<p style=\"font-weight: 400;\"><b><strong>E-mail:<\/strong><\/b>\u00a0<a href=\"mailto:cons.fiume@esteri.it\">cons.fiume@esteri.it<br \/>\n<\/a>PEC:\u00a0<a href=\"mailto:con.fiume@cert.esteri.it\">con.fiume@cert.esteri.it<\/a>\u00a0indirizzo abilitato esclusivamente alla ricezione di posta elettronica\u00a0<b><strong>certificata<\/strong><\/b><\/p>\n<p style=\"font-weight: 400; text-align: justify;\"><b><strong>Orario di ricevimento del pubblico<\/strong><\/b><br \/>\nNel quadro del processo di miglioramento dell\u2019efficienza e della qualit\u00e0 dei servizi offerti il Consolato Generale riceve il pubblico previo appuntamento nei giorni dal luned\u00ec al gioved\u00ec dalle ore 9.00 alle ore 12.00 con apertura pomeridiana il martedi dalle ore 13.45 alle ore 15.45. Gli appuntamenti vanno richiesti telefonicamente dal luned\u00ec al venerd\u00ec dalle ore 10.00 alle ore 13.00 al numero 00385.51.355200, oppure per e-mail all\u2019indirizzo\u00a0<a href=\"mailto:cons.fiume@esteri.it\">cons.fiume@esteri.it<\/a>.<\/p>\n<p style=\"font-weight: 400; text-align: justify;\"><b><strong>Informazioni<\/strong><\/b><br \/>\nPer informazioni specifiche non presenti in questa pagina web, si prega di contattare dal luned\u00ec al venerd\u00ec dalle 10.00 alle 13.00 il numero 00385.51.355200<\/p>\n<p style=\"font-weight: 400; text-align: justify;\"><b><strong>Modalit\u00e0 di ingresso in Croazia<\/strong><\/b><br \/>\nSi informa che per l&#8217;ingresso e la circolazione in Croazia \u00e8 necessario, anche per i minori accompagnati, il documento di identit\u00e0 valido per l&#8217;espatrio o il passaporto.<\/p>\n<p style=\"font-weight: 400; text-align: justify;\">I\u00a0<b><strong>minori di 14 anni<\/strong><\/b>\u00a0non accompagnati da almeno uno dei genitori o da chi ne fa le veci (vedi nominativi indicati sulla carta d&#8217;identit\u00e0 o sul passaporto), dovranno essere muniti oltre del documento anche della\u00a0<b><strong>dichiarazione di accompagnamento &#8211;\u00a0<\/strong><\/b>valida sei mesi e per un solo viaggio a\/r &#8211; resa dai genitori o dai tutori del minore presso l&#8217;Autorit\u00e0 di Polizia competenti territorialmente.<\/p>\n<p>&nbsp;<\/p>\n<p style=\"font-weight: 400;\">\n","protected":false},"excerpt":{"rendered":"Di seguiti sono elencati tutti gli uffici del Consolato Generale d&#8217; Italia a Fiume. Per scoprire\u00a0i servizi relativi\u00a0a ciascuna area \u00e8 possibile cliccare sulla voce di riferimento. UFFICIO COMPETENZE INDIRIZZO EMAIL ANAGRAFE Iscrizione\/cambio residenza AIRE cons.fiume@esteri.it CARTE D&#8217;IDENTITA&#8217; Rilascio\/rinnovo Carte d&#8217;Identit\u00e0 ci_confium@esteri.it CITTADINANZA Acquisto, riconoscimento, rinuncia di cittadinanza cittadinanza.fiume@esteri.it CODICE FISCALE Rilascio codice fiscale cons.fiume@esteri.it [&hellip;]","protected":false},"author":1,"featured_media":0,"parent":13,"menu_order":6,"comment_status":"closed","ping_status":"closed","template":"","meta":{"footnotes":""},"class_list":["post-36","page","type-page","status-publish","hentry"],"_links":{"self":[{"href":"https:\/\/consfiume.esteri.it\/it\/wp-json\/wp\/v2\/pages\/36","targetHints":{"allow":["GET"]}}],"collection":[{"href":"https:\/\/consfiume.esteri.it\/it\/wp-json\/wp\/v2\/pages"}],"about":[{"href":"https:\/\/consfiume.esteri.it\/it\/wp-json\/wp\/v2\/types\/page"}],"author":[{"embeddable":true,"href":"https:\/\/consfiume.esteri.it\/it\/wp-json\/wp\/v2\/users\/1"}],"replies":[{"embeddable":true,"href":"https:\/\/consfiume.esteri.it\/it\/wp-json\/wp\/v2\/comments?post=36"}],"version-history":[{"count":6,"href":"https:\/\/consfiume.esteri.it\/it\/wp-json\/wp\/v2\/pages\/36\/revisions"}],"predecessor-version":[{"id":3031,"href":"https:\/\/consfiume.esteri.it\/it\/wp-json\/wp\/v2\/pages\/36\/revisions\/3031"}],"up":[{"embeddable":true,"href":"https:\/\/consfiume.esteri.it\/it\/wp-json\/wp\/v2\/pages\/13"}],"wp:attachment":[{"href":"https:\/\/consfiume.esteri.it\/it\/wp-json\/wp\/v2\/media?parent=36"}],"curies":[{"name":"wp","href":"https:\/\/api.w.org\/{rel}","templated":true}]}}