{"id":366,"date":"2023-08-31T15:09:46","date_gmt":"2023-08-31T13:09:46","guid":{"rendered":"https:\/\/consfiume.esteri.it\/?page_id=366"},"modified":"2024-03-15T14:44:30","modified_gmt":"2024-03-15T13:44:30","slug":"universita","status":"publish","type":"page","link":"https:\/\/consfiume.esteri.it\/it\/italia-e-croazia\/diplomazia-culturale\/universita\/","title":{"rendered":"Universit\u00e0"},"content":{"rendered":"<div>\n<h4><strong><em>L&#8217;Universit\u00e0 in Italia<\/em><\/strong><\/h4>\n<p>Per informazioni riguardanti l&#8217;immatricolazione alle Universit\u00e0 in Italia, il proseguimento studi, il riconoscimento di titoli conseguiti all&#8217;estero ed equipollenze scrivere a <a href=\"mailto:fiume.studi@esteri.it\">fiume.studi@esteri.it<\/a><\/p>\n<p>&nbsp;<\/p>\n<h4>Per approfondimenti sul tema si consiglia di visitare i seguenti siti:<\/h4>\n<p><a href=\"https:\/\/www.miur.gov.it\">https:\/\/www.miur.gov.it<\/a><\/p>\n<p><a href=\"https:\/\/www.mur.gov.it\/it\/aree-tematiche\/universita\/equipollenze-equivalenza-ed-equiparazioni-tra-titoli-di-studio\/titoli\">https:\/\/www.mur.gov.it\/it\/aree-tematiche\/universita\/equipollenze-equivalenza-ed-equiparazioni-tra-titoli-di-studio\/titoli<\/a><\/p>\n<p><a href=\"https:\/\/www.universitaly.it\/\">https:\/\/www.universitaly.it\/<\/a><\/p>\n<p><a href=\"https:\/\/www.universitaly.it\/studenti-stranieri\">https:\/\/www.universitaly.it\/studenti-stranieri<\/a><\/p>\n<p><a href=\"https:\/\/cercauniversita.mur.gov.it\/index.php?module=strutture&amp;page=StructureSearchParams&amp;advanced_serch=1\">https:\/\/cercauniversita.mur.gov.it\/index.php?module=strutture&amp;page=StructureSearchParams&amp;advanced_serch=1<\/a><\/p>\n<p><a href=\"https:\/\/www.cimea.it\/\">https:\/\/www.cimea.it\/<\/a><\/p>\n<p><a href=\"https:\/\/www.crui.it\/\" target=\"_blank\" rel=\"noopener\">CRUI &#8211; Conferenza dei Rettori delle Universit\u00e0 Italiane<\/a>.<\/p>\n<p>&nbsp;<\/p>\n<p>Gli studenti stranieri interessati ad effettuare periodi di studio presso le Universit\u00e0 Italiane trovano notizie utili, sui posti loro riservati, nella pagina <a href=\"http:\/\/offertaformativa.miur.it\/studenti\/\" target=\"_blank\" rel=\"noopener\">Offertaformativa<\/a>\u00a0del sito del <strong>MIUR<\/strong>.<\/p>\n<p>E&#8217;, infine, disponibile il portale<strong> <a href=\"https:\/\/studyinitaly.esteri.it\/it\/home_borse\" target=\"_blank\" rel=\"noopener\">Study in Italy<\/a><\/strong>\u00a0mediante il quale gli <strong>studenti internazionali<\/strong> hanno la possibilit\u00e0 di ottenere informazioni inerenti i percorsi formativi universitari nazionali, confrontare i percorsi di studio, visionare i bandi di concorso aperti e seguire le linee guida per le iniziali procedure burocratiche (immatricolazioni, iscrizioni).<\/p>\n<p>A seguire aggiornati suggerimenti inerenti l&#8217;Offerta formativa delle Universit\u00e0 Italiane per studenti italiani e stranieri.<\/p>\n<p>&nbsp;<\/p>\n<ul>\n<li><strong>OFFERTA FORMATIVA PER STUDENTI ITALIANI E STRANIERI<\/strong><\/li>\n<\/ul>\n<p><strong><a href=\"http:\/\/unilink.it\/\" target=\"_blank\" rel=\"noopener\">LINK CAMPUS<\/a><\/strong><\/p>\n<p>L\u2019Universit\u00e0 degli studi <strong>Link Campus University<\/strong> ha una forte impronta internazionale. L\u2019Universit\u00e0 ha l\u2019obiettivo di fornire allo studente la preparazione e le competenze necessarie ad affrontare le sfide del mondo del lavoro, a partire dal metodo di studio: all\u2019interno di tutti i corsi di laurea, attivit\u00e0 didattica e di ricerca sono un tutt\u2019uno. <a href=\"https:\/\/consfiume.esteri.it\/consolato_fiume\/resource\/doc\/2018\/03\/booklet_link_campus_university-en-lf_3.pdf\" target=\"_blank\" rel=\"noopener\">Qui, la brochure di presentazione dei corsi disponibili.<\/a><\/p>\n<ul>\n<li><\/li>\n<\/ul>\n<p>&nbsp;<\/p>\n<p>&nbsp;<\/p>\n<p><a href=\"https:\/\/consfiume.esteri.it\/consolato_fiume\/resource\/doc\/2018\/02\/baccos__designing_the_wine_process_international_summer_school.pdf\" target=\"_blank\" rel=\"noopener\"><strong>BACCO&#8217;S DESIGNING THE WINE PROCESS<br \/>\nINTERNATIONAL SUMMER SCHOOL\u00a02018\u00a0<\/strong><\/a><\/p>\n<p>L&#8217;Universit\u00e0 degli Studi di Udine ha indetto una Summer School dal titolo \u201cBacco\u2019s. Designing the Wine Process\u201d, che si terr\u00e0 il prossimo Luglio (2018) in Friuli Venezia Giulia.<br \/>\nQuesto innovativo progetto \u00e8 organizzato dal Dipartimento di Architettura dell&#8217;Universit\u00e0 in collaborazione con le pi\u00f9 grandi imprese vinicole del Friuli Venezia Giulia. Regione, il cui territorio, per secoli, \u00e8 stato fortemente connesso alla cultura vinicola.<\/p>\n<p>Per maggiori informazioni si consiglia di visionare il sito dell&#8217;<a href=\"https:\/\/www.uniud.it\/en\/uniud-international\/baccos-designing-the-wine-process-summer-school-of-architecture-and-design\" target=\"_blank\" rel=\"noopener\">Universit\u00e0<\/a>\u00a0e la <a href=\"https:\/\/consfiume.esteri.it\/consolato_fiume\/resource\/doc\/2018\/02\/baccos__designing_the_wine_process_international_summer_school.pdf\" target=\"_blank\" rel=\"noopener\">brochure<\/a> della Summer School.<\/p>\n<p>&nbsp;<\/p>\n<ul>\n<li><strong>OFFERTA FORMATIVA PER STUDENTI STRANIERI<\/strong><\/li>\n<\/ul>\n<p><a href=\"http:\/\/www.cinqueterresummerschool.it\/IT\/\" target=\"_blank\" rel=\"noopener\">pagina ufficiale della Summer School.<\/a><\/p>\n<p>&nbsp;<\/p>\n<p>L&#8217;Universit\u00e0 Sapienza di Roma ha creato l<a href=\"https:\/\/www.uniroma1.it\/it\/pagina\/sapienza-summer-schools\">a Sapienza Summer School<\/a> in Lingua e Cultura italiana per permettere, a studenti provenienti da tutto il mondo, di studiare e scoprire la letteratura, l&#8217;arte e la cultura italiana.<\/p>\n<\/div>\n","protected":false},"excerpt":{"rendered":"L&#8217;Universit\u00e0 in Italia Per informazioni riguardanti l&#8217;immatricolazione alle Universit\u00e0 in Italia, il proseguimento studi, il riconoscimento di titoli conseguiti all&#8217;estero ed equipollenze scrivere a fiume.studi@esteri.it &nbsp; Per approfondimenti sul tema si consiglia di visitare i seguenti siti: https:\/\/www.miur.gov.it https:\/\/www.mur.gov.it\/it\/aree-tematiche\/universita\/equipollenze-equivalenza-ed-equiparazioni-tra-titoli-di-studio\/titoli https:\/\/www.universitaly.it\/ https:\/\/www.universitaly.it\/studenti-stranieri https:\/\/cercauniversita.mur.gov.it\/index.php?module=strutture&amp;page=StructureSearchParams&amp;advanced_serch=1 https:\/\/www.cimea.it\/ CRUI &#8211; Conferenza dei Rettori delle Universit\u00e0 Italiane. &nbsp; Gli studenti stranieri [&hellip;]","protected":false},"author":3,"featured_media":0,"parent":41,"menu_order":0,"comment_status":"closed","ping_status":"closed","template":"","meta":{"footnotes":""},"class_list":["post-366","page","type-page","status-publish","hentry"],"_links":{"self":[{"href":"https:\/\/consfiume.esteri.it\/it\/wp-json\/wp\/v2\/pages\/366","targetHints":{"allow":["GET"]}}],"collection":[{"href":"https:\/\/consfiume.esteri.it\/it\/wp-json\/wp\/v2\/pages"}],"about":[{"href":"https:\/\/consfiume.esteri.it\/it\/wp-json\/wp\/v2\/types\/page"}],"author":[{"embeddable":true,"href":"https:\/\/consfiume.esteri.it\/it\/wp-json\/wp\/v2\/users\/3"}],"replies":[{"embeddable":true,"href":"https:\/\/consfiume.esteri.it\/it\/wp-json\/wp\/v2\/comments?post=366"}],"version-history":[{"count":5,"href":"https:\/\/consfiume.esteri.it\/it\/wp-json\/wp\/v2\/pages\/366\/revisions"}],"predecessor-version":[{"id":1278,"href":"https:\/\/consfiume.esteri.it\/it\/wp-json\/wp\/v2\/pages\/366\/revisions\/1278"}],"up":[{"embeddable":true,"href":"https:\/\/consfiume.esteri.it\/it\/wp-json\/wp\/v2\/pages\/41"}],"wp:attachment":[{"href":"https:\/\/consfiume.esteri.it\/it\/wp-json\/wp\/v2\/media?parent=366"}],"curies":[{"name":"wp","href":"https:\/\/api.w.org\/{rel}","templated":true}]}}