{"id":375,"date":"2023-09-04T08:51:41","date_gmt":"2023-09-04T06:51:41","guid":{"rendered":"https:\/\/consfiume.esteri.it\/?page_id=375"},"modified":"2023-09-04T08:52:37","modified_gmt":"2023-09-04T06:52:37","slug":"adozioni","status":"publish","type":"page","link":"https:\/\/consfiume.esteri.it\/it\/servizi-consolari-e-visti\/servizi-per-il-cittadino-italiano\/stato-civile\/adozioni\/","title":{"rendered":"Adozioni"},"content":{"rendered":"<div>\n<p>L&#8217;adozione internazionale \u00e8 l&#8217;adozione di un minore di cittadinanza non italiana, dichiarato adottabile dalle autorit\u00e0 del suo Paese. L&#8217;adozione viene perci\u00f2 fatta in quel Paese, davanti alle autorit\u00e0 e secondo le leggi nazionali ed internazionali ivi vigenti.<br \/>\nIn Italia il Tribunale per i minorenni rilascia un decreto specifico di idoneit\u00e0 o meno a tale tipo di adozione.<br \/>\nPerch\u00e9 una simile adozione possa essere efficace in Italia \u00e8 necessario seguire delle procedure particolari, stabilite dalle leggi italiane ed internazionali. Diversamente l&#8217;adozione straniera non sar\u00e0 ritenuta valida ed il minore non potr\u00e0 nemmeno entrare nel nostro Paese. Per di pi\u00f9, in certi casi, l&#8217;inosservanza delle leggi sull&#8217;adozione costituisce un reato.<\/p>\n<p>Per ulteriori informazioni si rimanda a quanto indicato sul sito della<a href=\"https:\/\/www.esteri.it\/mae\/it\/servizi\/italiani\/adozioniinternazionali.html\" target=\"_blank\" rel=\"noopener\"> Farnesina<\/a>.<\/p>\n<\/div>\n","protected":false},"excerpt":{"rendered":"L&#8217;adozione internazionale \u00e8 l&#8217;adozione di un minore di cittadinanza non italiana, dichiarato adottabile dalle autorit\u00e0 del suo Paese. L&#8217;adozione viene perci\u00f2 fatta in quel Paese, davanti alle autorit\u00e0 e secondo le leggi nazionali ed internazionali ivi vigenti. In Italia il Tribunale per i minorenni rilascia un decreto specifico di idoneit\u00e0 o meno a tale tipo [&hellip;]","protected":false},"author":3,"featured_media":0,"parent":86,"menu_order":0,"comment_status":"closed","ping_status":"closed","template":"","meta":{"footnotes":""},"class_list":["post-375","page","type-page","status-publish","hentry"],"_links":{"self":[{"href":"https:\/\/consfiume.esteri.it\/it\/wp-json\/wp\/v2\/pages\/375","targetHints":{"allow":["GET"]}}],"collection":[{"href":"https:\/\/consfiume.esteri.it\/it\/wp-json\/wp\/v2\/pages"}],"about":[{"href":"https:\/\/consfiume.esteri.it\/it\/wp-json\/wp\/v2\/types\/page"}],"author":[{"embeddable":true,"href":"https:\/\/consfiume.esteri.it\/it\/wp-json\/wp\/v2\/users\/3"}],"replies":[{"embeddable":true,"href":"https:\/\/consfiume.esteri.it\/it\/wp-json\/wp\/v2\/comments?post=375"}],"version-history":[{"count":1,"href":"https:\/\/consfiume.esteri.it\/it\/wp-json\/wp\/v2\/pages\/375\/revisions"}],"predecessor-version":[{"id":376,"href":"https:\/\/consfiume.esteri.it\/it\/wp-json\/wp\/v2\/pages\/375\/revisions\/376"}],"up":[{"embeddable":true,"href":"https:\/\/consfiume.esteri.it\/it\/wp-json\/wp\/v2\/pages\/86"}],"wp:attachment":[{"href":"https:\/\/consfiume.esteri.it\/it\/wp-json\/wp\/v2\/media?parent=375"}],"curies":[{"name":"wp","href":"https:\/\/api.w.org\/{rel}","templated":true}]}}