{"id":392,"date":"2023-09-04T10:24:32","date_gmt":"2023-09-04T08:24:32","guid":{"rendered":"https:\/\/consfiume.esteri.it\/?page_id=392"},"modified":"2026-03-09T12:11:39","modified_gmt":"2026-03-09T11:11:39","slug":"carte-didentita","status":"publish","type":"page","link":"https:\/\/consfiume.esteri.it\/it\/servizi-consolari-e-visti\/servizi-per-il-cittadino-italiano\/carte-didentita\/","title":{"rendered":"Carte d&#8217;identit\u00e0"},"content":{"rendered":"<div>\n<p><a href=\"https:\/\/consfiume.esteri.it\/it\/news\/dal_consolato\/2026\/01\/cessazione-validita-carte-didentita-cartacee-dal-3-agosto-2026-3\/\"><b>Cessazione validit\u00e0 carte d&#8217;identit\u00e0 cartacee dal 3 agosto 2026<\/b><\/a><\/p>\n<p style=\"text-align: justify;\">Si ricorda che per ottenere la CIE \u00e8 necessario possedere il codice fiscale, avere aggiornato la propria situazione anagrafica \u2013 generalit\u00e0, stato civile, indirizzo di residenza &#8211; e prendere un appuntamento per la rilevazione delle impronte digitali presso la sede del Consolato Generale.<\/p>\n<p style=\"text-align: justify;\">Il suddetto appuntamento sar\u00e0 conseguente al nulla osta ricevuto dalla Questura (al massimo 15 giorni).<\/p>\n<p style=\"text-align: justify;\">Il Consolato provveder\u00e0 inoltre, in accordo con il Comune interessato, a verificare il nome storico della nazione di nascita<\/p>\n<p style=\"text-align: justify;\">La carta d&#8217;identit\u00e0 elettronica viene spedita da Roma direttamente all&#8217;indirizzo del connazionale, dopo circa due settimane dall&#8217;appuntamento in Consolato.<\/p>\n<p style=\"text-align: justify;\">Per ulteriori informazioni si prega di contattare il Consolato Generale a Fiume all\u2019indirizzo email:<a href=\"mailto:cons.fiume@esteri.it\">cons.fiume@esteri.it<\/a><\/p>\n<\/div>\n<p><a href=\"https:\/\/consfiume.esteri.it\/wp-content\/uploads\/2023\/10\/MODULO-CIE-ADULTI.doc\">FORMULARIO RILASCIO NUOVA CARTA D&#8217;IDENTITA PER MAGGIORENNI<\/a><\/p>\n<p><a href=\"https:\/\/consfiume.esteri.it\/wp-content\/uploads\/2023\/10\/Modulo-CIE-Minori.doc\">FORMULARIO RILASCIO CARTA D&#8217;IDENTITA&#8217; MINORENNI<\/a><\/p>\n<p><a href=\"https:\/\/consfiume.esteri.it\/wp-content\/uploads\/2023\/09\/formulariodenunciasmarrimento_furto.docx\">FORMULARIO CONSOLARE DI DENUNCIA SMARRIMENTO\/FURTO CARTA D&#8217;IDENTITA&#8217;<\/a><\/p>\n<p><strong>Rilascio carta d&#8217;identit\u00e0 presso i Comuni italiani<\/strong><\/p>\n<p style=\"text-align: justify;\">La Legge n.11\/2026, entrata in vigore lo scorso 19 febbraio, introduce la possibilit\u00e0 <strong>per il cittadino iscritto all\u2019Anagrafe degli Italiani Residenti all\u2019Estero (AIRE)<\/strong> \u2013 <strong><u>a decorrere dal 1 giugno 2026<\/u> <\/strong>\u2013 di presentare domanda per il rilascio della carta d\u2019identit\u00e0 elettronica <strong>presso qualsiasi Comune italiano.<\/strong><\/p>\n<p><strong>Smarrimento\/furto carte d&#8217;identit\u00e0<\/strong><\/p>\n<p style=\"text-align: justify;\"><strong>SE IL TITOLARE NON E\u2019 ISCRITTO ALL\u2019AIRE<\/strong><\/p>\n<p style=\"text-align: justify;\">Il connazionale occasionalmente di passaggio in Croazia che smarrisca la carta d&#8217;identit\u00e0 o ne subisca il furto, potr\u00e0 contattare il Consolato telefonicamente o presentarsi allo sportello per ottenere un <a href=\"https:\/\/consfiume.esteri.it\/it\/servizi-consolari-e-visti\/servizi-per-il-cittadino-italiano\/emergency-travel-documents-etd\/\">Documento di viaggio provvisorio (ETD)<\/a> con il quale fare rientro in Italia. Una volta in Italia, il connazionale potr\u00e0 recarsi al proprio Comune e domandare il rilascio di un nuovo documento d&#8217;identit\u00e0.<\/p>\n<p style=\"text-align: justify;\"><strong>SE IL TITOLARE \u00c8 RESIDENTE NELLA CIRCOSCRIZIONE DI QUESTO CONSOLATO GENERALE E ISCRITTO ALL\u2019AIRE<\/strong><\/p>\n<p style=\"text-align: justify;\">In questo caso, previa denuncia di smarrimento\/furto del documento d\u2019identit\u00e0 presso le locali autorit\u00e0 di polizia, il connazionale pu\u00f2 richiedere al Consolato Generale il rilascio di un nuovo documento d\u2019identit\u00e0 (<strong>\u201cduplicato<\/strong>\u201d) al costo di \u20ac 27,11.<\/p>\n<p>&nbsp;<\/p>\n<p>&nbsp;<\/p>\n<p>&nbsp;<\/p>\n","protected":false},"excerpt":{"rendered":"Cessazione validit\u00e0 carte d&#8217;identit\u00e0 cartacee dal 3 agosto 2026 Si ricorda che per ottenere la CIE \u00e8 necessario possedere il codice fiscale, avere aggiornato la propria situazione anagrafica \u2013 generalit\u00e0, stato civile, indirizzo di residenza &#8211; e prendere un appuntamento per la rilevazione delle impronte digitali presso la sede del Consolato Generale. Il suddetto appuntamento [&hellip;]","protected":false},"author":3,"featured_media":0,"parent":59,"menu_order":2,"comment_status":"closed","ping_status":"closed","template":"","meta":{"footnotes":""},"class_list":["post-392","page","type-page","status-publish","hentry"],"_links":{"self":[{"href":"https:\/\/consfiume.esteri.it\/it\/wp-json\/wp\/v2\/pages\/392","targetHints":{"allow":["GET"]}}],"collection":[{"href":"https:\/\/consfiume.esteri.it\/it\/wp-json\/wp\/v2\/pages"}],"about":[{"href":"https:\/\/consfiume.esteri.it\/it\/wp-json\/wp\/v2\/types\/page"}],"author":[{"embeddable":true,"href":"https:\/\/consfiume.esteri.it\/it\/wp-json\/wp\/v2\/users\/3"}],"replies":[{"embeddable":true,"href":"https:\/\/consfiume.esteri.it\/it\/wp-json\/wp\/v2\/comments?post=392"}],"version-history":[{"count":9,"href":"https:\/\/consfiume.esteri.it\/it\/wp-json\/wp\/v2\/pages\/392\/revisions"}],"predecessor-version":[{"id":2990,"href":"https:\/\/consfiume.esteri.it\/it\/wp-json\/wp\/v2\/pages\/392\/revisions\/2990"}],"up":[{"embeddable":true,"href":"https:\/\/consfiume.esteri.it\/it\/wp-json\/wp\/v2\/pages\/59"}],"wp:attachment":[{"href":"https:\/\/consfiume.esteri.it\/it\/wp-json\/wp\/v2\/media?parent=392"}],"curies":[{"name":"wp","href":"https:\/\/api.w.org\/{rel}","templated":true}]}}