{"id":40,"date":"2023-04-03T19:16:52","date_gmt":"2023-04-03T17:16:52","guid":{"rendered":"https:\/\/consolatozurigo.esteri.it\/?page_id=40"},"modified":"2025-07-11T12:58:21","modified_gmt":"2025-07-11T10:58:21","slug":"diplomazia-economica","status":"publish","type":"page","link":"https:\/\/consfiume.esteri.it\/it\/italia-e-croazia\/diplomazia-economica\/","title":{"rendered":"Diplomazia economica"},"content":{"rendered":"<p>Le relazioni economiche e commerciali tra l\u2019Italia e la Croazia sono ottime.<\/p>\n<p style=\"text-align: justify;\">In Croazia si registra la presenza di circa 300 aziende a capitale interamente italiano o misto. Particolarmente significativa \u00e8 la presenza italiana nel settore finanziario e assicurativo. Le due principali banche, Zagreba\u010dka Banka e Privredna Banka, appartengono rispettivamente ai gruppi Unicredit e Intesa San Paolo. Inoltre, Generali \u00e8 un importante attore nel ramo assicurativo. Gli altri settori in cui operano aziende italiane sono: energia, tessile, legno-arredo, metallurgia, turismo, servizi marittimi.<\/p>\n<p style=\"text-align: justify;\">L\u2019Italia continua ad essere tra i primi partner commerciali della Croazia (I nel 2022 e 2023; II nel 2024 dopo la Germania). Nel 2024 l\u2019interscambio commerciale \u00e8 stato pari a oltre 8,3 mld euro, sostanzialmente invariato rispetto al 2023.<\/p>\n<p style=\"text-align: justify;\">L\u2019Italia \u00e8 attualmente il secondo mercato di destinazione dell\u2019export della Croazia con una quota di mercato nel 2024 dell\u201911,4%; allo stesso tempo l\u2019Italia \u00e8 anche il secondo fornitore della Croazia con una quota di mercato di circa il 13,3%.<\/p>\n<p>APPROFONDIMENTI:<\/p>\n<ul>\n<li>Informazioni economico-commerciali sulla Croazia: <a href=\"https:\/\/www.infomercatiesteri.it\/\" target=\"_blank\" rel=\"noopener\">Infomercatiesteri<\/a><\/li>\n<li><a href=\"https:\/\/extender.esteri.it\/Sito\/appalti-internazionali-anticipazioni-grandi-progetti\">Gare d\u2019appalto e grandi progetti ExTender<\/a><\/li>\n<li><a href=\"https:\/\/ambzagabria.esteri.it\/it\/italia-e-croazia\/diplomazia-economica\/quadro-congiunturale\/\" target=\"_blank\" rel=\"noopener\">Croazia: quadro congiunturale<\/a><\/li>\n<li><a href=\"https:\/\/ccic.hr\/it\/\" target=\"_blank\" rel=\"noopener\">Camera di Commercio Italo-Croata (CCIC)<\/a><\/li>\n<li>Documentazione utile:<a href=\"https:\/\/investcroatia.gov.hr\/wp-content\/uploads\/2021\/01\/Investment-Guide-2023.pdf\" target=\"_blank\" rel=\"noopener\"> Croatia Investment Guide 2023<\/a><\/li>\n<li><a href=\"https:\/\/ambzagabria.esteri.it\/it\/italia-e-croazia\/diplomazia-economica\/bollettini-economici-a-cura-dellambasciata\/\" target=\"_blank\" rel=\"noopener\">Bollettini economici a cura dell\u2019Ambasciata d\u2019Italia a Zagreb<\/a><\/li>\n<li>Per richieste di assistenza alla sezione economico-commerciale clicca\u00a0<a class=\"\" href=\"https:\/\/nexus.esteri.it\/\" data-focus-mouse=\"false\">qui<\/a><\/li>\n<li>Guida alle opportunit\u00e0 per le aziende italiane \u2013 \u201c<a href=\"https:\/\/ambzagabria.esteri.it\/wp-content\/uploads\/2025\/05\/ambasciata_ita_cro_2025_final-low-rez_v2.pdf\" target=\"_blank\" rel=\"noopener\">Diplomazia della crescita: destinazione Croazia<\/a>\u201d<\/li>\n<\/ul>\n<p style=\"text-align: justify;\"><strong>NEXUS<\/strong> \u00e8 l\u2019applicativo per comunicare in modo diretto con gli Uffici commerciali della Farnesina nel mondo, attraverso il quale puoi entrare in contatto con la Direzione Generale per la Promozione del Sistema Paese della Farnesina e con gli uffici commerciali della Rete Diplomatico-Consolare, nell\u2019ambito delle attivit\u00e0 di sostegno alle imprese italiane che operano o che sono interessate ad operare sui mercati esteri.<\/p>\n<p style=\"text-align: justify;\">Bastano pochi click per far arrivare la tua richiesta direttamente all\u2019ambasciata\/consolato\/ufficio deputato a trattarla, per una gestione efficace, rapida e sicura.<\/p>\n<p style=\"text-align: justify;\">Per informazioni e per l\u2019iscrizione al servizio, visita il seguente sito e compila il modulo:\u00a0<a href=\"https:\/\/nexus.esteri.it\/\">https:\/\/nexus.esteri.it\/<\/a><\/p>\n","protected":false},"excerpt":{"rendered":"Le relazioni economiche e commerciali tra l\u2019Italia e la Croazia sono ottime. In Croazia si registra la presenza di circa 300 aziende a capitale interamente italiano o misto. Particolarmente significativa \u00e8 la presenza italiana nel settore finanziario e assicurativo. Le due principali banche, Zagreba\u010dka Banka e Privredna Banka, appartengono rispettivamente ai gruppi Unicredit e Intesa [&hellip;]","protected":false},"author":1,"featured_media":0,"parent":15,"menu_order":0,"comment_status":"closed","ping_status":"closed","template":"","meta":{"footnotes":""},"class_list":["post-40","page","type-page","status-publish","hentry"],"_links":{"self":[{"href":"https:\/\/consfiume.esteri.it\/it\/wp-json\/wp\/v2\/pages\/40","targetHints":{"allow":["GET"]}}],"collection":[{"href":"https:\/\/consfiume.esteri.it\/it\/wp-json\/wp\/v2\/pages"}],"about":[{"href":"https:\/\/consfiume.esteri.it\/it\/wp-json\/wp\/v2\/types\/page"}],"author":[{"embeddable":true,"href":"https:\/\/consfiume.esteri.it\/it\/wp-json\/wp\/v2\/users\/1"}],"replies":[{"embeddable":true,"href":"https:\/\/consfiume.esteri.it\/it\/wp-json\/wp\/v2\/comments?post=40"}],"version-history":[{"count":3,"href":"https:\/\/consfiume.esteri.it\/it\/wp-json\/wp\/v2\/pages\/40\/revisions"}],"predecessor-version":[{"id":2551,"href":"https:\/\/consfiume.esteri.it\/it\/wp-json\/wp\/v2\/pages\/40\/revisions\/2551"}],"up":[{"embeddable":true,"href":"https:\/\/consfiume.esteri.it\/it\/wp-json\/wp\/v2\/pages\/15"}],"wp:attachment":[{"href":"https:\/\/consfiume.esteri.it\/it\/wp-json\/wp\/v2\/media?parent=40"}],"curies":[{"name":"wp","href":"https:\/\/api.w.org\/{rel}","templated":true}]}}