{"id":67,"date":"2023-04-03T19:27:59","date_gmt":"2023-04-03T17:27:59","guid":{"rendered":"https:\/\/consolatozurigo.esteri.it\/?page_id=67"},"modified":"2023-12-05T13:12:09","modified_gmt":"2023-12-05T12:12:09","slug":"passaporti-e-carte-didentita","status":"publish","type":"page","link":"https:\/\/consfiume.esteri.it\/it\/servizi-consolari-e-visti\/servizi-per-il-cittadino-italiano\/passaporti-e-carte-didentita\/","title":{"rendered":"Passaporti"},"content":{"rendered":"<p><strong>PASSAPORTI<br \/>\n<\/strong><\/p>\n<p><a href=\"https:\/\/consfiume.esteri.it\/wp-content\/uploads\/2023\/10\/MOD-PASSAPORTO.docx\">MODULO DI DOMANDA DI RILASCIO DEL PASSAPORTO<\/a><\/p>\n<p><a href=\"https:\/\/consfiume.esteri.it\/wp-content\/uploads\/2023\/10\/modulo-passaporto-MINORI.docx\">DOMANDA RILASCIO PASSAPORTO PER MINORI<\/a><\/p>\n<p><a href=\"https:\/\/consfiume.esteri.it\/wp-content\/uploads\/2023\/12\/ASSENSO-GENITORE-EXTRA-UE-per-passaporto-a-minore-1.doc\">ASSENSO GENITORE EXTRA UE &#8211; PER PASSAPORTO A MINORE<\/a><\/p>\n<p><a href=\"https:\/\/consfiume.esteri.it\/wp-content\/uploads\/2023\/12\/ASSENSO-PER-RILASCIO-PASSAPORTO-A-FIGLIO-MINORE-1.doc\">ASSENSO GENITORE UE PER\u00a0 RILASCIO DI PASSAPORTO A MINORE<\/a><\/p>\n<p>Si informano i connazionali, genitori di figli minori, che a partire\u00a0 dal 14 giugno 2023 non sar\u00e0 pi\u00f9 necessario presentare l\u2019atto di assenso\u00a0 dell\u2019altro genitore ai fini del rilascio del proprio documento\u00a0 d\u2019identit\u00e0 (passaporto e CIE), ai sensi del D.L. 69\/2023.<br \/>\nNello specifico il novellato articolo 3-bis della L. 1185\/1967 indica\u00a0 che, quando vi \u00e8 concreto e attuale pericolo che a causa del\u00a0 trasferimento all\u2019estero questo possa sottrarsi all\u2019adempimento dei suoi\u00a0 obblighi verso i figli, sar\u00e0 possibile per l\u2019altro genitore richiedere\u00a0 una inibitoria al rilascio del documento.<br \/>\nL\u2019istanza potr\u00e0 essere presentata presso il giudice competente presso\u00a0 il Tribunale ordinario in cui il minore ha la residenza abituale\u00a0 ovvero, se il minore \u00e8 residente all\u2019estero, il Tribunale nel cui\u00a0 circondario si trova il suo Comune di iscrizione AIRE.<br \/>\nAi fini del rilascio dei documenti per i minori, invece, resta\u00a0 l\u2019obbligo dell\u2019assenso firmato da entrambi i genitori o da chi esercita\u00a0 la responsabilit\u00e0 genitoriale.<\/p>\n<p>&nbsp;<\/p>\n<p><strong>FAQ<\/strong><\/p>\n<p><strong>Chi pu\u00f2 richiedere il rilascio del passaporto al Consolato Generale d\u2019Italia a Fiume?<\/strong><\/p>\n<p>Tutti i cittadini italiani <u>residenti<\/u> nella circoscrizione consolare di questo Consolato Generale <u>ed iscritti<\/u> all\u2019anagrafe consolare di questo Consolato Generale.<\/p>\n<p><strong>Coloro che NON risiedono in questa circoscrizione consolare possono richiedere il rilascio del passaporto?<\/strong><\/p>\n<p>Il passaporto va richiesto presso l\u2019Ufficio consolare o la Questura del luogo di residenza del connazionale. In casi eccezionali questo Consolato Generale pu\u00f2 rilasciare passaporti anche a cittadini residenti al di fuori di questa circoscrizione\u00a0<u>previa ricezione di apposita delega<\/u>\u00a0al rilascio da parte dell\u2019ufficio competente per residenza del connazionale (Questura o altro Consolato).<\/p>\n<p><strong>Qual \u00e8 la validit\u00e0 del passaporto?<\/strong><\/p>\n<p>Per i maggiorenni la validit\u00e0 \u00e8 di dieci anni<br \/>\nPer i minori da 3 a 18 anni la validit\u00e0 \u00e8 di cinque anni<br \/>\nPer i minori di 3 anni la validit\u00e0 \u00e8 di tre anni.<\/p>\n<p><strong>E\u2019 possibile prorogare la validit\u00e0 di un passaporto?<\/strong><\/p>\n<p>No, una volta scaduto si deve presentare la richiesta per l\u2019emissione di un nuovo passaporto.<\/p>\n<p><strong>E\u2019 possibile iscrivere i figli minori di 14 anni sul passaporto dei genitori?<\/strong><\/p>\n<p>No, tutti i minori devono essere in possesso di un passaporto individuale.<\/p>\n<p><strong>Una donna sposata pu\u00f2 avere il cognome del marito nel passaporto?<\/strong><\/p>\n<p>S\u00ec, su espressa richiesta dell\u2019interessata \u00e8 possibile aggiungere il cognome del marito.<\/p>\n<p><strong>Che cosa si deve fare per ottenere il rilascio di un nuovo passaporto?<\/strong><\/p>\n<p>Contattare il Consolato Generale per informazioni comunicando la propria situazione anagrafica \u2013 generalit\u00e0, stato civile, nucleo familiare, indirizzo completo di residenza. Se sono intervenuti cambiamenti occorre aggiornare la propria posizione prima di prendere un appuntamento per il rilascio del documento.<\/p>\n<p>E\u2019 possibile, per chi lo desidera, compilare il modulo di richiesta, disponibile agli sportelli di questo Consolato Generale o sulla pagina web del Consolato Generale nella sezione passaporti. Una volta ottenuto l\u2019appuntamento presentarsi allo sportello e consegnare:<\/p>\n<ul>\n<li>eventuale passaporto italiano scaduto o in scadenza (non pi\u00f9 di 6 di validit\u00e0 residua);<\/li>\n<li>un altro documento di identit\u00e0 e\/o passaporto straniero valido con fotografia e firma o certificato di residenza attuale;<\/li>\n<li>E\u2019 possibile scattare la foto in Consolato con apposito dispositivo; oppure, <u>soprattutto per i bambini molto piccoli<\/u> non in grado di seguire le istruzioni del dispositivo di cui sopra, <u>consegnare 1 fotografia recente<\/u> formato tessera (fatta da un fotografo), posizione frontale (3,5\u00a0x 4 cm.);<\/li>\n<li>116\u20ac in contanti;<\/li>\n<\/ul>\n<p><strong>In quanto tempo viene rilasciato il passaporto?<\/strong><\/p>\n<p>Una volta presentata la richiesta, questo Consolato Generale, effettuate le dovute verifiche, dar\u00e0 un appuntamento (intorno alle due settimane) per la rilevazione delle impronte digitali, la stampa e la consegna del passaporto. Tuttavia, qualora si rendessero necessarie ulteriori verifiche o nulla-osta, il rilascio del documento potrebbe avvenire in tempi pi\u00f9 lunghi, in genere non oltre 30 giorni.<\/p>\n<p><strong>Qual \u00e8 il costo per il rilascio di un passaporto?<\/strong><\/p>\n<p>Il costo \u00e8 di \u20ac 116,00, da pagare in Consolato in contanti.<\/p>\n<p><strong>Si pu\u00f2 pagare con carta di credito, bancomat o euro?<\/strong><\/p>\n<p>No, il passaporto deve essere pagato solamente in contanti in \u20ac.<\/p>\n<p><strong>Si pu\u00f2 presentare la domanda di rilascio di passaporto per posta?<\/strong><\/p>\n<p>E\u2019 possibile anticipare a questo Consolato Generale, via mail o posta, la domanda di rilascio del passaporto per poi essere contattati per le dovute verifiche (ved: <strong><em>Che cosa si deve fare per ottenere il rilascio di un nuovo passaporto?<\/em><\/strong><strong>) prima di<\/strong> fissare un appuntamento.<\/p>\n<p><strong>Per i residenti nella Regione Istriana, escluse le citt\u00e0 di Buie, Cittanova ed Umago ed i comuni di Verteneglio, Grisignana e Portole, la domanda di rilascio passaporto pu\u00f2 essere presentata personalmente al Consolato Onorario di Pola; <em>il ritiro del documento pu\u00f2 avvenire sempre presso il Consolato Onorario di Pola entro\u00a0 <\/em><\/strong><strong>\u00b1<\/strong><em><strong> \u00a0un mese dalla presentazione della richiesta.\u00a0<\/strong><\/em><strong><em>\u00a0<\/em><\/strong><\/p>\n<p>La domanda di rilascio del passaporto pu\u00f2 essere presentata personalmente anche ai Vice Consolati onorari di\u00a0Buie e Spalato prima di fissare un appuntamento presso questo Consolato Generale.<\/p>\n<p><strong>Cosa si deve fare per richiedere il rilascio di un passaporto per un figlio minore.<\/strong><\/p>\n<p>Per il rilascio di un passaporto per un figlio minore, \u00e8 necessario l\u2019assenso scritto di entrambi i genitori, indipendentemente dalla cittadinanza degli stessi, anche se separati o divorziati, o del solo genitore esercente <u>la responsabilit\u00e0 genitoriale in via esclusiva<\/u> o, in difetto, dell\u2019autorizzazione del giudice tutelare, dietro\u00a0\u00a0 presentazione del provvedimento dell\u2019autorit\u00e0 giudiziaria italiana, o di analoga sentenza straniera riconosciuta in Italia.<\/p>\n<p>L\u2019assenso di uno dei genitori <u>che sia cittadino UE<\/u> pu\u00f2 essere espresso attraverso una dichiarazione sottoscritta ed inviata per posta o via mail insieme alla copia di un documento valido, con foto e firma; l\u2019altro genitore deve essere presente in Consolato insieme al figlio minore se ha compiuto i 12 anni. Per i minori di 12 anni non \u00e8 obbligatoria la presenza in Consolato ma \u00e8 necessario presentare\u00a0<u>una foto autenticata<\/u> del minore altrimenti occorre essere presente insieme al genitore.<\/p>\n<p>La firma del dichiarante <strong><u>non cittadino dell\u2019Unione Europea<\/u><\/strong> e residente all\u2019estero, \u00e8 autenticata nei modi previsti dalla vigente normativa da parte del funzionario che riceve la dichiarazione, previa identificazione del dichiarante, ovvero tramite autentica da parte di autorit\u00e0 straniera, debitamente apostillata o legalizzata, a seconda dei casi.<\/p>\n<p><strong>Cosa si deve fare nel caso in cui uno dei genitori rifiuti di firmare l\u2019atto di assenso per il rilascio del passaporto per il figlio\/i minore\/i<\/strong><\/p>\n<p>Il genitore consenziente deve presentarsi all\u2019Ufficio Passaporti munito di una lettera sottoscritta spiegando i motivi per i quali l\u2019altro genitore rifiuta di concedere l\u2019assenso per il rilascio del passaporto al figlio minorenne. In tale lettera devono essere indicati l\u2019indirizzo completo, numeri di telefono ed eventuale indirizzo mail del genitore non consenziente.<\/p>\n<p>Nel caso si riscontrassero ingiustificate le motivazioni del dissenso, il capo dell\u2019ufficio consolare, nell\u2019esercizio delle funzioni di giudice tutelare ai sensi degli artt. 33 e 34 del decreto legislativo 3 febbraio 2011 n. 71, dopo aver espletato ogni utile accertamento istruttorio atto a garantire la tutela del minore, emette un provvedimento motivato di autorizzazione \u00a0al rilascio del documento richiesto; oppure, un provvedimento motivato di diniego in caso si riscontrassero giustificazioni motivate.<\/p>\n<p><strong>Cosa fare in caso di smarrimento e\/o furto di passaporto.<\/strong><\/p>\n<p>Occorre presentare al Consolato Generale la denuncia effettuata presso la locale Autorit\u00e0 di Polizia e richiedere il rilascio di un nuovo passaporto.<\/p>\n<p><strong>In quali casi si pu\u00f2 richiedere il rilascio di un nuovo passaporto<\/strong><\/p>\n<p>Scadenza della validit\u00e0<\/p>\n<p>Furto\/smarrimento<\/p>\n<p>Deterioramento<\/p>\n<p>Esaurimento delle pagine disponibili.<\/p>\n<p>Ulteriori informazioni potranno essere richieste all\u2019ufficio passaporti del Consolato Generale al seguente indirizzo\u00a0<a href=\"mailto:passaporti.fiume@esteri.it\">passaporti.fiume@esteri.it<\/a>.<\/p>\n<p>&nbsp;<\/p>\n<p>&nbsp;<\/p>\n<p style=\"text-align: center;\"><strong>AVVISO ALL\u2019UTENZA<\/strong><\/p>\n<p style=\"text-align: center;\"><strong>RESTITUZIONE PASSAPORTI RINVENUTI ALL\u2019ESTERO E RESTITUITI AGLI UFFICI CONSOLARI ITALIANI.<\/strong><\/p>\n<p>&nbsp;<\/p>\n<p>Si rende noto all\u2019utenza che i passaporti oggetto di furto o smarrimento e successivamente rinvenuti da parte delle locali Autorit\u00e0, vengono restituiti a questo Ufficio consolare.<\/p>\n<p>Si invitano pertanto coloro che abbiano recentemente subito un furto\/smarrimento nell\u2019ambito di questa circoscrizione consolare e vogliano verificare se i propri passaporti siano stati rinvenuti, a contattare questo Ufficio consolare (eventualmente al seguente recapito telefonico 051355200\u00a0o al seguente indirizzo mail <a href=\"mailto:passaporti.fiume@esteri.it\">passaporti.fiume@esteri.it<\/a>,\u00a0o a consultare\u00a0l\u2019indicazione di eventuali giorni o orari di ricevimento per ulteriori informazioni in merito.<\/p>\n<p>Si segnala che l\u2019eventuale ritiro del passaporto potr\u00e0 avvenire secondo le seguenti modalit\u00e0:<\/p>\n<ul>\n<li>ritiro diretto presso l\u2019Ufficio consolare;<\/li>\n<li>invio per posta, con spese di spedizione a carico del richiedente.<\/li>\n<\/ul>\n<p>Si ricorda che trascorso il periodo massimo di un anno di giacenza presso l\u2019Ufficio consolare, a decorrere dalla data in cui le Autorit\u00e0 locali restituiscono i passaporti rubati o smarriti, senza che i documenti siano stati reclamati dai legittimi proprietari, si proceder\u00e0 alla loro distruzione senza ulteriori comunicazioni.<\/p>\n<p>&nbsp;<\/p>\n<div><\/div>\n<p>&nbsp;<\/p>\n","protected":false},"excerpt":{"rendered":"PASSAPORTI MODULO DI DOMANDA DI RILASCIO DEL PASSAPORTO DOMANDA RILASCIO PASSAPORTO PER MINORI ASSENSO GENITORE EXTRA UE &#8211; PER PASSAPORTO A MINORE ASSENSO GENITORE UE PER\u00a0 RILASCIO DI PASSAPORTO A MINORE Si informano i connazionali, genitori di figli minori, che a partire\u00a0 dal 14 giugno 2023 non sar\u00e0 pi\u00f9 necessario presentare l\u2019atto di assenso\u00a0 dell\u2019altro [&hellip;]","protected":false},"author":1,"featured_media":289,"parent":59,"menu_order":1,"comment_status":"closed","ping_status":"closed","template":"","meta":{"footnotes":""},"class_list":["post-67","page","type-page","status-publish","has-post-thumbnail","hentry"],"_links":{"self":[{"href":"https:\/\/consfiume.esteri.it\/it\/wp-json\/wp\/v2\/pages\/67","targetHints":{"allow":["GET"]}}],"collection":[{"href":"https:\/\/consfiume.esteri.it\/it\/wp-json\/wp\/v2\/pages"}],"about":[{"href":"https:\/\/consfiume.esteri.it\/it\/wp-json\/wp\/v2\/types\/page"}],"author":[{"embeddable":true,"href":"https:\/\/consfiume.esteri.it\/it\/wp-json\/wp\/v2\/users\/1"}],"replies":[{"embeddable":true,"href":"https:\/\/consfiume.esteri.it\/it\/wp-json\/wp\/v2\/comments?post=67"}],"version-history":[{"count":22,"href":"https:\/\/consfiume.esteri.it\/it\/wp-json\/wp\/v2\/pages\/67\/revisions"}],"predecessor-version":[{"id":1107,"href":"https:\/\/consfiume.esteri.it\/it\/wp-json\/wp\/v2\/pages\/67\/revisions\/1107"}],"up":[{"embeddable":true,"href":"https:\/\/consfiume.esteri.it\/it\/wp-json\/wp\/v2\/pages\/59"}],"wp:featuredmedia":[{"embeddable":true,"href":"https:\/\/consfiume.esteri.it\/it\/wp-json\/wp\/v2\/media\/289"}],"wp:attachment":[{"href":"https:\/\/consfiume.esteri.it\/it\/wp-json\/wp\/v2\/media?parent=67"}],"curies":[{"name":"wp","href":"https:\/\/api.w.org\/{rel}","templated":true}]}}